{"id":4013,"date":"2024-05-12T19:48:39","date_gmt":"2024-05-12T17:48:39","guid":{"rendered":"https:\/\/www.van2go.travel\/?post_type=product&#038;p=4013"},"modified":"2025-10-28T10:04:20","modified_gmt":"2025-10-28T09:04:20","slug":"qeedo-freedom-family-4","status":"publish","type":"product","link":"https:\/\/www.van2go.travel\/pl\/produkt\/qeedo-freedom-family-4\/","title":{"rendered":"Qeedo Freedom Family 4"},"content":{"rendered":"<div class=\"grid grid-cols-12 gap-x-4\">\n<div class=\"MultiColumnContent_column__UG4_r MultiColumnContent_underneath__QqNA0\">\n<div class=\"mx-auto w-fit\">\n<div class=\"CustomPortableText_root__q8Kzk\">\n<div class=\"MultiColumnContent_column__UG4_r MultiColumnContent_underneath__QqNA0\">\n<div class=\"mx-auto w-fit\">\n<div class=\"CustomPortableText_root__q8Kzk\">\n<h3 class=\"CustomPortableText_textXl__f_LJ_\"><span class=\"inline-block w-full text-center\"><span class=\"font-semibold\">Freedom Family, ger\u00e4umig unterwegs<\/span><\/span><\/h3>\n<p class=\"\"><span class=\"inline-block w-full text-center\">Das Dachzelt f\u00fcr die ganze Familie: Das Raumwunder qeedo Freedom Family. Das Freedom Family ist ein beeindruckendes Dachzelt. Zusammengefaltet ist es kompakt auf dem Fahrzeugdach, aufgefaltet beeindrucken die Ma\u00dfe der Liegefl\u00e4che von 200 x 250 cm, perfekt f\u00fcr 2 Erwachsene und zus\u00e4tzlich bis zu 2 kleine Kinder.<\/span><\/p>\n<\/div>\n<h3 class=\"CustomPortableText_textXl__f_LJ_\"><span class=\"font-semibold\">Vordach mit Teleskopstange<\/span><\/h3>\n<p class=\"\">Das weit ausladende Vordach wird mit einer integrierten Teleskopstange fixiert. Perfekte Stabilit\u00e4t und einfache Handhabung.<\/p>\n<\/div>\n<h3 class=\"CustomPortableText_textXl__f_LJ_\"><span class=\"font-semibold\">Einfach &#038; schnell!<\/span><\/h3>\n<p class=\"\">Wir erm\u00f6glichen dir einen unkomplizierten, sicheren und schnellen Aufbau mit wenigen Handgriffen.<\/p>\n<div class=\"MultiColumnContent_column__UG4_r MultiColumnContent_underneath__QqNA0\">\n<div class=\"mx-0 w-auto\">\n<div class=\"CustomPortableText_root__q8Kzk\">\n<h3>Aufbau in Sekunden<\/h3>\n<div>Kein Stress: du bekommst keinen Bausatz, unsere Dachzelte sind zu 100% vormontiert. Bis auf die Dachtr\u00e4ger brauchst du kein weiteres Zubeh\u00f6r. Alles, was du sonst f\u00fcr die Befestigung auf deinem Auto ben\u00f6tigst, liefern wir dir in der Montage-Tasche mit.<\/div>\n<\/div>\n<\/div>\n<\/div>\n<div class=\"MultiColumnContent_column__UG4_r MultiColumnContent_underneath__QqNA0\">\n<div class=\"mx-0 w-auto\">\n<div class=\"CustomPortableText_root__q8Kzk\">\n<p class=\"\">Ebenfalls enthalten: Neue Schuhtasche, eine Leiter, W\u00e4scheleine, bequeme Matratze mit integriertem 3D-Mesh, Trageriemen f\u00fcr komfortablen Transport, eine Montageanleitung und Teleskopst\u00fctzen f\u00fcr einen noch besseren Halt. Die St\u00fctzen einfach unter dem Boden des Dachzelts einspannen und fertig!<\/p>\n<h3>Panorama inklusive!<\/h3>\n<p class=\"\">Genie\u00dfe dank der gro\u00dfen Fensterfl\u00e4chen einen tollen Blick auf jede Landschaft und in den Sternenhimmel &#8211; sogar mit komplett ge\u00f6ffneten Fenstern, wenn du magst. Um das Zelt abzudunkeln, kannst du alle Fensterfl\u00e4chen auch ganz schlie\u00dfen.<\/p>\n<h3 class=\"CustomPortableText_textXl__f_LJ_\"><span class=\"font-semibold\">Komfortabel schlafen<\/span><\/h3>\n<p class=\"\">Die 4 cm starke Matratze ist nicht nur bequem, sondern hat auch ein bereits integriertes 3D-Mesh, welches f\u00fcr eine optimale Unterl\u00fcftung der Matratze sorgt. Damit wird Feuchtigkeit und Staun\u00e4sse unter der Matratze reduziert und potenzielle Schimmelgefahr verhindert. Der Thermostoff Bezug kann zum Waschen entfernt werden.<\/p>\n<div>\n<div class=\"MultiColumnContent_column__UG4_r MultiColumnContent_underneath__QqNA0\">\n<div class=\"mx-0 w-auto\">\n<div class=\"CustomPortableText_root__q8Kzk\">\n<h3>Kompakt unterwegs<\/h3>\n<div>Mit einem, f\u00fcr seine gr\u00f6\u00dfe, besonders kleinen Packma\u00df passt das Freedom Family super auf dein Auto. Der gesamte Rahmen besteht aus pulverbeschichtetem Aluminium. Das macht das Zelt nicht nur leichter sondern auch unempfindlich gegen Kratzer und Rost.<\/div>\n<\/div>\n<\/div>\n<\/div>\n<div class=\"MultiColumnContent_column__UG4_r MultiColumnContent_underneath__QqNA0\">\n<div class=\"mx-0 w-auto\">\n<div class=\"CustomPortableText_root__q8Kzk\">\n<p class=\"\">Die luftige Unterkonstruktion aus Aluminium-Querprofilen \u00e4hnelt der eines Lattenrostes. Feuchtigkeit trocknet nach unten ab und bleibt nicht im Zelt. Zwei praktische Trageriemen sind inklusive, um das Dachzelt komfortabler tragen zu k\u00f6nnen.<\/p>\n<\/div>\n<\/div>\n<\/div>\n<\/div>\n<h3>Abgedunkeltes Polycotton.<\/h3>\n<p class=\"\">Das Innenzelt besteht aus einem blickdichtem 210D Polycotton Ripstop Polyester. Stabiler abgedunkelter Stoff, der einen langen Schlaf garantiert.<\/p>\n<\/div>\n<\/div>\n<\/div>\n<\/div>\n<\/div>\n<div class=\"CustomPortableText_root__q8Kzk\">\n<div class=\"MultiColumnContent_column__UG4_r MultiColumnContent_underneath__QqNA0\">\n<div class=\"mx-auto w-fit\">\n<div class=\"CustomPortableText_root__q8Kzk\">\n<h3>Die technischen Details<\/h3>\n<p>L\u00e4nge: 270cm<br \/>\nBreite: 217cm<br \/>\nH\u00f6he: 135cm<\/p>\n<h3>Spezifikationen<\/h3>\n<p>Personen: 4<br \/>\nSchlafkabinen: 1<br \/>\nEing\u00e4nge: 1<br \/>\nWassers\u00e4ule (Au\u00dfenzelt): 3000mm<\/p>\n<h3>Material<\/h3>\n<p>Gest\u00e4nge: Aluminium<br \/>\nAu\u00dfenzelt: Polyester<br \/>\nInnenzelt: TC (Baumwolle+Polyester)<br \/>\nBoden: Polyester<br \/>\nMaterialst\u00e4rke: 210D<\/p>\n<h3>Packma\u00df<\/h3>\n<p>L\u00e4nge: 217cm<br \/>\nBreite: 138cm<br \/>\nH\u00f6he: 39cm<br \/>\nGewicht: mit Leiter 75600g<\/p>\n<\/div>\n<\/div>\n<\/div>\n<\/div>\n<\/div>\n<\/div>\n<\/div>\n","protected":false},"excerpt":{"rendered":"<p>Klappbares Familien Dachzelt<\/p>\n","protected":false},"featured_media":4014,"comment_status":"open","ping_status":"closed","template":"","meta":[],"product_brand":[],"product_cat":[256],"product_tag":[],"class_list":{"0":"post-4013","1":"product","2":"type-product","3":"status-publish","4":"has-post-thumbnail","6":"product_cat-dachzelt","7":"product_shipping_class-versand-dachzelt","9":"first","10":"instock","11":"sale","12":"taxable","13":"shipping-taxable","14":"purchasable","15":"product-type-simple"},"yoast_head":"<!-- This site is optimized with the Yoast SEO plugin v26.6 - https:\/\/yoast.com\/wordpress\/plugins\/seo\/ -->\n<title>Qeedo Freedom Family 4<\/title>\n<meta name=\"description\" content=\"Das Raumwunder Freedom Family ist ein beeindruckend! Zusammengefaltet kompakt, aufgefaltet mit riesiger Liegefl\u00e4che (200 x 250 cm) f\u00fcr 4 Personen.\" \/>\n<meta name=\"robots\" content=\"index, follow, max-snippet:-1, max-image-preview:large, max-video-preview:-1\" \/>\n<link rel=\"canonical\" href=\"https:\/\/www.van2go.travel\/pl\/produkt\/qeedo-freedom-family-4\/\" \/>\n<meta property=\"og:locale\" content=\"pl_PL\" \/>\n<meta property=\"og:locale:alternate\" content=\"de_DE\" \/>\n<meta property=\"og:type\" content=\"article\" \/>\n<meta property=\"og:title\" content=\"Qeedo Freedom Family 4\" \/>\n<meta property=\"og:description\" content=\"Das Raumwunder Freedom Family ist ein beeindruckend! Zusammengefaltet kompakt, aufgefaltet mit riesiger Liegefl\u00e4che (200 x 250 cm) f\u00fcr 4 Personen.\" \/>\n<meta property=\"og:url\" content=\"https:\/\/www.van2go.travel\/pl\/produkt\/qeedo-freedom-family-4\/\" \/>\n<meta property=\"og:site_name\" content=\"Van2Go\" \/>\n<meta property=\"article:publisher\" content=\"https:\/\/www.facebook.com\/van2go.travel\" \/>\n<meta property=\"article:modified_time\" content=\"2025-10-28T09:04:20+00:00\" \/>\n<meta property=\"og:image\" content=\"https:\/\/www.van2go.travel\/wp-content\/uploads\/2024\/05\/Z3809.jpg\" \/>\n\t<meta property=\"og:image:width\" content=\"1600\" \/>\n\t<meta property=\"og:image:height\" content=\"1600\" \/>\n\t<meta property=\"og:image:type\" content=\"image\/jpeg\" \/>\n<meta name=\"twitter:card\" content=\"summary_large_image\" \/>\n<meta name=\"twitter:label1\" content=\"Szacowany czas czytania\" \/>\n\t<meta name=\"twitter:data1\" content=\"3 minuty\" \/>\n<script type=\"application\/ld+json\" class=\"yoast-schema-graph\">{\"@context\":\"https:\/\/schema.org\",\"@graph\":[{\"@type\":\"WebPage\",\"@id\":\"https:\/\/www.van2go.travel\/produkt\/qeedo-freedom-family-4\/\",\"url\":\"https:\/\/www.van2go.travel\/produkt\/qeedo-freedom-family-4\/\",\"name\":\"Qeedo Freedom Family 4\",\"isPartOf\":{\"@id\":\"https:\/\/www.van2go.travel\/#website\"},\"primaryImageOfPage\":{\"@id\":\"https:\/\/www.van2go.travel\/produkt\/qeedo-freedom-family-4\/#primaryimage\"},\"image\":{\"@id\":\"https:\/\/www.van2go.travel\/produkt\/qeedo-freedom-family-4\/#primaryimage\"},\"thumbnailUrl\":\"https:\/\/www.van2go.travel\/wp-content\/uploads\/2024\/05\/Z3809.jpg\",\"datePublished\":\"2024-05-12T17:48:39+00:00\",\"dateModified\":\"2025-10-28T09:04:20+00:00\",\"description\":\"Das Raumwunder Freedom Family ist ein beeindruckend! Zusammengefaltet kompakt, aufgefaltet mit riesiger Liegefl\u00e4che (200 x 250 cm) f\u00fcr 4 Personen.\",\"breadcrumb\":{\"@id\":\"https:\/\/www.van2go.travel\/produkt\/qeedo-freedom-family-4\/#breadcrumb\"},\"inLanguage\":\"pl-PL\",\"potentialAction\":[{\"@type\":\"ReadAction\",\"target\":[\"https:\/\/www.van2go.travel\/produkt\/qeedo-freedom-family-4\/\"]}]},{\"@type\":\"ImageObject\",\"inLanguage\":\"pl-PL\",\"@id\":\"https:\/\/www.van2go.travel\/produkt\/qeedo-freedom-family-4\/#primaryimage\",\"url\":\"https:\/\/www.van2go.travel\/wp-content\/uploads\/2024\/05\/Z3809.jpg\",\"contentUrl\":\"https:\/\/www.van2go.travel\/wp-content\/uploads\/2024\/05\/Z3809.jpg\",\"width\":1600,\"height\":1600},{\"@type\":\"BreadcrumbList\",\"@id\":\"https:\/\/www.van2go.travel\/produkt\/qeedo-freedom-family-4\/#breadcrumb\",\"itemListElement\":[{\"@type\":\"ListItem\",\"position\":1,\"name\":\"Startseite\",\"item\":\"https:\/\/www.van2go.travel\/\"},{\"@type\":\"ListItem\",\"position\":2,\"name\":\"Shop\",\"item\":\"https:\/\/www.van2go.travel\/shop\/\"},{\"@type\":\"ListItem\",\"position\":3,\"name\":\"Qeedo Freedom Family 4\"}]},{\"@type\":\"WebSite\",\"@id\":\"https:\/\/www.van2go.travel\/#website\",\"url\":\"https:\/\/www.van2go.travel\/\",\"name\":\"Van2Go\",\"description\":\"Camper Vans und Wohnmobile mieten in Singen am Bodensee\",\"publisher\":{\"@id\":\"https:\/\/www.van2go.travel\/#organization\"},\"potentialAction\":[{\"@type\":\"SearchAction\",\"target\":{\"@type\":\"EntryPoint\",\"urlTemplate\":\"https:\/\/www.van2go.travel\/?s={search_term_string}\"},\"query-input\":{\"@type\":\"PropertyValueSpecification\",\"valueRequired\":true,\"valueName\":\"search_term_string\"}}],\"inLanguage\":\"pl-PL\"},{\"@type\":\"Organization\",\"@id\":\"https:\/\/www.van2go.travel\/#organization\",\"name\":\"Van2Go\",\"url\":\"https:\/\/www.van2go.travel\/\",\"logo\":{\"@type\":\"ImageObject\",\"inLanguage\":\"pl-PL\",\"@id\":\"https:\/\/www.van2go.travel\/#\/schema\/logo\/image\/\",\"url\":\"https:\/\/www.van2go.travel\/wp-content\/uploads\/2021\/12\/Van2Go-Original-Logo_Schrift-rechts-gross.png\",\"contentUrl\":\"https:\/\/www.van2go.travel\/wp-content\/uploads\/2021\/12\/Van2Go-Original-Logo_Schrift-rechts-gross.png\",\"width\":2825,\"height\":1008,\"caption\":\"Van2Go\"},\"image\":{\"@id\":\"https:\/\/www.van2go.travel\/#\/schema\/logo\/image\/\"},\"sameAs\":[\"https:\/\/www.facebook.com\/van2go.travel\"]}]}<\/script>\n<!-- \/ Yoast SEO plugin. -->","yoast_head_json":{"title":"Qeedo Freedom Family 4","description":"Das Raumwunder Freedom Family ist ein beeindruckend! Zusammengefaltet kompakt, aufgefaltet mit riesiger Liegefl\u00e4che (200 x 250 cm) f\u00fcr 4 Personen.","robots":{"index":"index","follow":"follow","max-snippet":"max-snippet:-1","max-image-preview":"max-image-preview:large","max-video-preview":"max-video-preview:-1"},"canonical":"https:\/\/www.van2go.travel\/pl\/produkt\/qeedo-freedom-family-4\/","og_locale":"pl_PL","og_type":"article","og_title":"[:de]Qeedo Freedom Family 4[:] - Van2Go","og_description":"Das Raumwunder Freedom Family ist ein beeindruckend! Zusammengefaltet kompakt, aufgefaltet mit riesiger Liegefl\u00e4che (200 x 250 cm) f\u00fcr 4 Personen.","og_url":"https:\/\/www.van2go.travel\/pl\/produkt\/qeedo-freedom-family-4\/","og_site_name":"Van2Go","article_publisher":"https:\/\/www.facebook.com\/van2go.travel","article_modified_time":"2025-10-28T09:04:20+00:00","og_image":[{"width":1600,"height":1600,"url":"https:\/\/www.van2go.travel\/wp-content\/uploads\/2024\/05\/Z3809.jpg","type":"image\/jpeg"}],"twitter_card":"summary_large_image","twitter_misc":{"Szacowany czas czytania":"3 minuty"},"schema":{"@context":"https:\/\/schema.org","@graph":[{"@type":"WebPage","@id":"https:\/\/www.van2go.travel\/produkt\/qeedo-freedom-family-4\/","url":"https:\/\/www.van2go.travel\/produkt\/qeedo-freedom-family-4\/","name":"Qeedo Freedom Family 4","isPartOf":{"@id":"https:\/\/www.van2go.travel\/#website"},"primaryImageOfPage":{"@id":"https:\/\/www.van2go.travel\/produkt\/qeedo-freedom-family-4\/#primaryimage"},"image":{"@id":"https:\/\/www.van2go.travel\/produkt\/qeedo-freedom-family-4\/#primaryimage"},"thumbnailUrl":"https:\/\/www.van2go.travel\/wp-content\/uploads\/2024\/05\/Z3809.jpg","datePublished":"2024-05-12T17:48:39+00:00","dateModified":"2025-10-28T09:04:20+00:00","description":"Das Raumwunder Freedom Family ist ein beeindruckend! Zusammengefaltet kompakt, aufgefaltet mit riesiger Liegefl\u00e4che (200 x 250 cm) f\u00fcr 4 Personen.","breadcrumb":{"@id":"https:\/\/www.van2go.travel\/produkt\/qeedo-freedom-family-4\/#breadcrumb"},"inLanguage":"pl-PL","potentialAction":[{"@type":"ReadAction","target":["https:\/\/www.van2go.travel\/produkt\/qeedo-freedom-family-4\/"]}]},{"@type":"ImageObject","inLanguage":"pl-PL","@id":"https:\/\/www.van2go.travel\/produkt\/qeedo-freedom-family-4\/#primaryimage","url":"https:\/\/www.van2go.travel\/wp-content\/uploads\/2024\/05\/Z3809.jpg","contentUrl":"https:\/\/www.van2go.travel\/wp-content\/uploads\/2024\/05\/Z3809.jpg","width":1600,"height":1600},{"@type":"BreadcrumbList","@id":"https:\/\/www.van2go.travel\/produkt\/qeedo-freedom-family-4\/#breadcrumb","itemListElement":[{"@type":"ListItem","position":1,"name":"Startseite","item":"https:\/\/www.van2go.travel\/"},{"@type":"ListItem","position":2,"name":"Shop","item":"https:\/\/www.van2go.travel\/shop\/"},{"@type":"ListItem","position":3,"name":"Qeedo Freedom Family 4"}]},{"@type":"WebSite","@id":"https:\/\/www.van2go.travel\/#website","url":"https:\/\/www.van2go.travel\/","name":"Van2Go","description":"Camper Vans und Wohnmobile mieten in Singen am Bodensee","publisher":{"@id":"https:\/\/www.van2go.travel\/#organization"},"potentialAction":[{"@type":"SearchAction","target":{"@type":"EntryPoint","urlTemplate":"https:\/\/www.van2go.travel\/?s={search_term_string}"},"query-input":{"@type":"PropertyValueSpecification","valueRequired":true,"valueName":"search_term_string"}}],"inLanguage":"pl-PL"},{"@type":"Organization","@id":"https:\/\/www.van2go.travel\/#organization","name":"Van2Go","url":"https:\/\/www.van2go.travel\/","logo":{"@type":"ImageObject","inLanguage":"pl-PL","@id":"https:\/\/www.van2go.travel\/#\/schema\/logo\/image\/","url":"https:\/\/www.van2go.travel\/wp-content\/uploads\/2021\/12\/Van2Go-Original-Logo_Schrift-rechts-gross.png","contentUrl":"https:\/\/www.van2go.travel\/wp-content\/uploads\/2021\/12\/Van2Go-Original-Logo_Schrift-rechts-gross.png","width":2825,"height":1008,"caption":"Van2Go"},"image":{"@id":"https:\/\/www.van2go.travel\/#\/schema\/logo\/image\/"},"sameAs":["https:\/\/www.facebook.com\/van2go.travel"]}]}},"_links":{"self":[{"href":"https:\/\/www.van2go.travel\/pl\/wp-json\/wp\/v2\/product\/4013","targetHints":{"allow":["GET"]}}],"collection":[{"href":"https:\/\/www.van2go.travel\/pl\/wp-json\/wp\/v2\/product"}],"about":[{"href":"https:\/\/www.van2go.travel\/pl\/wp-json\/wp\/v2\/types\/product"}],"replies":[{"embeddable":true,"href":"https:\/\/www.van2go.travel\/pl\/wp-json\/wp\/v2\/comments?post=4013"}],"wp:featuredmedia":[{"embeddable":true,"href":"https:\/\/www.van2go.travel\/pl\/wp-json\/wp\/v2\/media\/4014"}],"wp:attachment":[{"href":"https:\/\/www.van2go.travel\/pl\/wp-json\/wp\/v2\/media?parent=4013"}],"wp:term":[{"taxonomy":"product_brand","embeddable":true,"href":"https:\/\/www.van2go.travel\/pl\/wp-json\/wp\/v2\/product_brand?post=4013"},{"taxonomy":"product_cat","embeddable":true,"href":"https:\/\/www.van2go.travel\/pl\/wp-json\/wp\/v2\/product_cat?post=4013"},{"taxonomy":"product_tag","embeddable":true,"href":"https:\/\/www.van2go.travel\/pl\/wp-json\/wp\/v2\/product_tag?post=4013"}],"curies":[{"name":"wp","href":"https:\/\/api.w.org\/{rel}","templated":true}]}}