{"id":3772,"date":"2024-02-06T20:34:20","date_gmt":"2024-02-06T19:34:20","guid":{"rendered":"https:\/\/www.van2go.travel\/?post_type=product&#038;p=3772"},"modified":"2025-08-01T14:23:12","modified_gmt":"2025-08-01T12:23:12","slug":"qeedo-freedom-air-2","status":"publish","type":"product","link":"https:\/\/www.van2go.travel\/pl\/produkt\/qeedo-freedom-air-2\/","title":{"rendered":"Qeedo Freedom Air 2"},"content":{"rendered":"<h3 class=\"CustomPortableText_textXl__f_LJ_\"><span class=\"inline-block w-full text-center\"><span class=\"font-semibold\">Ein Raumwunder mit ultimativem Komfort!<\/span><\/span><\/h3>\n<p class=\"\"><span class=\"inline-block w-full text-center\">Das Freedom Air 2, das aufblasbare Dachzelt f\u00fcr zwei Personen, revolutioniert dein Camping-Erlebnis. Die integrierte, elektrische Luftpumpe macht das Aufstellen zum Kinderspiel &#8211; wie von Zauberhand: Aufklappen, einstecken und genie\u00dfen!<\/span><\/p>\n<h3 class=\"CustomPortableText_textXl__f_LJ_\"><span class=\"font-semibold\">Mehr Raumvolumen<\/span><\/h3>\n<p class=\"\">Mehr Bewegungsfreiheit im Dachzelt sowie ein beeindruckender Ausblick durch hohe Fenster. Das Verh\u00e4ltnis von Freedom Air im geschlossenen Zustand zu ge\u00f6ffnetem Zustand betr\u00e4gt 1:8, dadurch hat das Air 40% mehr Raumvolumen als vergleichbare Dachzelte.<\/p>\n<h3 class=\"CustomPortableText_textXl__f_LJ_\"><span class=\"font-semibold\">Einfach &#038; schnell!<\/span><\/h3>\n<p class=\"\">Noch einfacher geht wirklich nicht! Die integrierte, elektrische Luftpumpe, die \u00fcber den Zigarettenanz\u00fcnder angeschlossen wird, erm\u00f6glicht m\u00fcheloses Aufstellen in k\u00fcrzester Zeit. Dank des leisen Betriebsger\u00e4usches der Pumpe kannst du das Zelt auch bei sp\u00e4ter Anreise guten Gewissens aufbauen. Das \u00dcberdruckventil verhindert Schlauchplatzer. Alternativ kannst du das Zelt auch manuell aufpumpen \u2013 Flexibilit\u00e4t in jeder Situation.<\/p>\n<div class=\"MultiColumnContent_column__UG4_r MultiColumnContent_underneath__QqNA0\">\n<div class=\"mx-0 w-auto\">\n<div class=\"CustomPortableText_root__q8Kzk\">\n<h3>Aufbau in Sekunden<\/h3>\n<div>Kein Stress: du bekommst keinen Bausatz, unsere Dachzelte sind zu 100% vormontiert. Bis auf die Dachtr\u00e4ger brauchst du kein weiteres Zubeh\u00f6r. Alles, was du sonst f\u00fcr die Befestigung auf deinem Auto ben\u00f6tigst, liefern wir dir in der Montage-Tasche mit.<\/div>\n<div>Ebenfalls enthalten: Neue Schuhtasche, integrierte elektrische Luftpumpe, eine Leiter, W\u00e4scheleine, bequeme Matratze mit integriertem 3D-Mesh, Trageriemen f\u00fcr komfortablen Transport und eine Montageanleitung.<\/div>\n<div>\n<h3>Panorama inklusive!<\/h3>\n<p class=\"\">Genie\u00dfe dank der gro\u00dfen Fensterfl\u00e4chen einen tollen Blick auf jede Landschaft und in den Sternenhimmel &#8211; sogar mit komplett ge\u00f6ffneten Fenstern, wenn du magst. Um das Zelt abzudunkeln, kannst du alle Fensterfl\u00e4chen auch ganz schlie\u00dfen.<\/p>\n<h3 class=\"CustomPortableText_textXl__f_LJ_\"><span class=\"font-semibold\">Komfortabel schlafen<\/span><\/h3>\n<p class=\"\">Die 5 cm Matratze aus Kaltschaum ist nicht nur bequem, sondern hat auch ein bereits integriertes 3D-Mesh, welches f\u00fcr eine optimale Unterl\u00fcftung der Matratze sorgt. Damit wird Feuchtigkeit und Staun\u00e4sse unter der Matratze reduziert und potenzielle Schimmelgefahr verhindert. Der Thermostoff Bezug kann zum Waschen entfernt werden. F\u00fcr besser Beleuchtung im Zelt kann das Freedom Led-Light optional erworben werden.<\/p>\n<h3>Unkompliziert und schnell<\/h3>\n<p class=\"\">Die Softcoverkonstruktion ist mit wenigen Handgriffen zu \u00f6ffnen und eine tolle Zeitersparnis zu vergleichbaren Softcover-Dachzelten. Durch die neue Softcoverkonstruktion ist ein guter Sitz des Covers garantiert.<\/p>\n<h3>Doppelwandige Konstruktion<\/h3>\n<p class=\"\">Zwangsbel\u00fcftung im Dachbereich durch atmungsaktiven Membranstoff. Das beschichtete Innenzelt aus einem robusten Baumwollmischgewebe sorgt in Kombination mit dem Au\u00dfenzelt f\u00fcr eine gute Bel\u00fcftung und einen perfekten Wetterschutz.<\/p>\n<h3>Die technischen Details<\/h3>\n<p>L\u00e4nge: 220cm<br \/>\nBreite: 150cm<br \/>\nH\u00f6he: 155cm<\/p>\n<h3>Spezifikationen<\/h3>\n<p>Personen: 2<br \/>\nSchlafkabinen: 1<br \/>\nEing\u00e4nge: 1<br \/>\nWassers\u00e4ule (Au\u00dfenzelt): 3000mm<\/p>\n<h3>Material<\/h3>\n<p>Au\u00dfenzelt: Polyester<br \/>\nInnenzelt: TC (Baumwolle+Polyester)<br \/>\nBoden: Polyester<br \/>\nMaterialst\u00e4rke: 210D<\/p>\n<h3>Packma\u00df<\/h3>\n<p>L\u00e4nge: 150cm<br \/>\nBreite: 102cm<br \/>\nH\u00f6he: 37,5cm<br \/>\nGewicht: mit Leiter 57100g<\/p>\n<\/div>\n<\/div>\n<\/div>\n<\/div>\n","protected":false},"excerpt":{"rendered":"<p>Das aufblasbare Dachzelt f\u00fcr 2 Personen<\/p>\n","protected":false},"featured_media":4024,"comment_status":"open","ping_status":"closed","template":"","meta":[],"product_brand":[],"product_cat":[256],"product_tag":[],"class_list":{"0":"post-3772","1":"product","2":"type-product","3":"status-publish","4":"has-post-thumbnail","6":"product_cat-dachzelt","7":"product_shipping_class-versand-dachzelt","9":"first","10":"instock","11":"sale","12":"taxable","13":"shipping-taxable","14":"purchasable","15":"product-type-simple"},"yoast_head":"<!-- This site is optimized with the Yoast SEO plugin v26.6 - https:\/\/yoast.com\/wordpress\/plugins\/seo\/ -->\n<title>Qeedo Freedom Air 2<\/title>\n<meta name=\"description\" content=\"Das Freedom Air 2, das aufblasbare Dachzelt f\u00fcr zwei Personen, revolutioniert dein Camping-Erlebnis. Pumpe an, aufblasen, genie\u00dfen.\" \/>\n<meta name=\"robots\" content=\"index, follow, max-snippet:-1, max-image-preview:large, max-video-preview:-1\" \/>\n<link rel=\"canonical\" href=\"https:\/\/www.van2go.travel\/pl\/produkt\/qeedo-freedom-air-2\/\" \/>\n<meta property=\"og:locale\" content=\"pl_PL\" \/>\n<meta property=\"og:locale:alternate\" content=\"de_DE\" \/>\n<meta property=\"og:type\" content=\"article\" \/>\n<meta property=\"og:title\" content=\"Qeedo Freedom Air 2\" \/>\n<meta property=\"og:description\" content=\"Das Freedom Air 2, das aufblasbare Dachzelt f\u00fcr zwei Personen, revolutioniert dein Camping-Erlebnis. Pumpe an, aufblasen, genie\u00dfen.\" \/>\n<meta property=\"og:url\" content=\"https:\/\/www.van2go.travel\/pl\/produkt\/qeedo-freedom-air-2\/\" \/>\n<meta property=\"og:site_name\" content=\"Van2Go\" \/>\n<meta property=\"article:publisher\" content=\"https:\/\/www.facebook.com\/van2go.travel\" \/>\n<meta property=\"article:modified_time\" content=\"2025-08-01T12:23:12+00:00\" \/>\n<meta property=\"og:image\" content=\"https:\/\/www.van2go.travel\/wp-content\/uploads\/2024\/02\/Z3808.jpg\" \/>\n\t<meta property=\"og:image:width\" content=\"1600\" \/>\n\t<meta property=\"og:image:height\" content=\"1600\" \/>\n\t<meta property=\"og:image:type\" content=\"image\/jpeg\" \/>\n<meta name=\"twitter:card\" content=\"summary_large_image\" \/>\n<meta name=\"twitter:label1\" content=\"Szacowany czas czytania\" \/>\n\t<meta name=\"twitter:data1\" content=\"3 minuty\" \/>\n<script type=\"application\/ld+json\" class=\"yoast-schema-graph\">{\"@context\":\"https:\/\/schema.org\",\"@graph\":[{\"@type\":\"WebPage\",\"@id\":\"https:\/\/www.van2go.travel\/produkt\/qeedo-freedom-air-2\/\",\"url\":\"https:\/\/www.van2go.travel\/produkt\/qeedo-freedom-air-2\/\",\"name\":\"Qeedo Freedom Air 2\",\"isPartOf\":{\"@id\":\"https:\/\/www.van2go.travel\/#website\"},\"primaryImageOfPage\":{\"@id\":\"https:\/\/www.van2go.travel\/produkt\/qeedo-freedom-air-2\/#primaryimage\"},\"image\":{\"@id\":\"https:\/\/www.van2go.travel\/produkt\/qeedo-freedom-air-2\/#primaryimage\"},\"thumbnailUrl\":\"https:\/\/www.van2go.travel\/wp-content\/uploads\/2024\/02\/Z3808.jpg\",\"datePublished\":\"2024-02-06T19:34:20+00:00\",\"dateModified\":\"2025-08-01T12:23:12+00:00\",\"description\":\"Das Freedom Air 2, das aufblasbare Dachzelt f\u00fcr zwei Personen, revolutioniert dein Camping-Erlebnis. Pumpe an, aufblasen, genie\u00dfen.\",\"breadcrumb\":{\"@id\":\"https:\/\/www.van2go.travel\/produkt\/qeedo-freedom-air-2\/#breadcrumb\"},\"inLanguage\":\"pl-PL\",\"potentialAction\":[{\"@type\":\"ReadAction\",\"target\":[\"https:\/\/www.van2go.travel\/produkt\/qeedo-freedom-air-2\/\"]}]},{\"@type\":\"ImageObject\",\"inLanguage\":\"pl-PL\",\"@id\":\"https:\/\/www.van2go.travel\/produkt\/qeedo-freedom-air-2\/#primaryimage\",\"url\":\"https:\/\/www.van2go.travel\/wp-content\/uploads\/2024\/02\/Z3808.jpg\",\"contentUrl\":\"https:\/\/www.van2go.travel\/wp-content\/uploads\/2024\/02\/Z3808.jpg\",\"width\":1600,\"height\":1600},{\"@type\":\"BreadcrumbList\",\"@id\":\"https:\/\/www.van2go.travel\/produkt\/qeedo-freedom-air-2\/#breadcrumb\",\"itemListElement\":[{\"@type\":\"ListItem\",\"position\":1,\"name\":\"Startseite\",\"item\":\"https:\/\/www.van2go.travel\/\"},{\"@type\":\"ListItem\",\"position\":2,\"name\":\"Shop\",\"item\":\"https:\/\/www.van2go.travel\/shop\/\"},{\"@type\":\"ListItem\",\"position\":3,\"name\":\"Qeedo Freedom Air 2\"}]},{\"@type\":\"WebSite\",\"@id\":\"https:\/\/www.van2go.travel\/#website\",\"url\":\"https:\/\/www.van2go.travel\/\",\"name\":\"Van2Go\",\"description\":\"Camper Vans und Wohnmobile mieten in Singen am Bodensee\",\"publisher\":{\"@id\":\"https:\/\/www.van2go.travel\/#organization\"},\"potentialAction\":[{\"@type\":\"SearchAction\",\"target\":{\"@type\":\"EntryPoint\",\"urlTemplate\":\"https:\/\/www.van2go.travel\/?s={search_term_string}\"},\"query-input\":{\"@type\":\"PropertyValueSpecification\",\"valueRequired\":true,\"valueName\":\"search_term_string\"}}],\"inLanguage\":\"pl-PL\"},{\"@type\":\"Organization\",\"@id\":\"https:\/\/www.van2go.travel\/#organization\",\"name\":\"Van2Go\",\"url\":\"https:\/\/www.van2go.travel\/\",\"logo\":{\"@type\":\"ImageObject\",\"inLanguage\":\"pl-PL\",\"@id\":\"https:\/\/www.van2go.travel\/#\/schema\/logo\/image\/\",\"url\":\"https:\/\/www.van2go.travel\/wp-content\/uploads\/2021\/12\/Van2Go-Original-Logo_Schrift-rechts-gross.png\",\"contentUrl\":\"https:\/\/www.van2go.travel\/wp-content\/uploads\/2021\/12\/Van2Go-Original-Logo_Schrift-rechts-gross.png\",\"width\":2825,\"height\":1008,\"caption\":\"Van2Go\"},\"image\":{\"@id\":\"https:\/\/www.van2go.travel\/#\/schema\/logo\/image\/\"},\"sameAs\":[\"https:\/\/www.facebook.com\/van2go.travel\"]}]}<\/script>\n<!-- \/ Yoast SEO plugin. -->","yoast_head_json":{"title":"Qeedo Freedom Air 2","description":"Das Freedom Air 2, das aufblasbare Dachzelt f\u00fcr zwei Personen, revolutioniert dein Camping-Erlebnis. Pumpe an, aufblasen, genie\u00dfen.","robots":{"index":"index","follow":"follow","max-snippet":"max-snippet:-1","max-image-preview":"max-image-preview:large","max-video-preview":"max-video-preview:-1"},"canonical":"https:\/\/www.van2go.travel\/pl\/produkt\/qeedo-freedom-air-2\/","og_locale":"pl_PL","og_type":"article","og_title":"[:de]Qeedo Freedom Air 2[:] - Van2Go","og_description":"[:de]Das Freedom Air 2, das aufblasbare Dachzelt f\u00fcr zwei Personen, revolutioniert dein Camping-Erlebnis. Pumpe an, aufblasen, genie\u00dfen.[:]","og_url":"https:\/\/www.van2go.travel\/pl\/produkt\/qeedo-freedom-air-2\/","og_site_name":"Van2Go","article_publisher":"https:\/\/www.facebook.com\/van2go.travel","article_modified_time":"2025-08-01T12:23:12+00:00","og_image":[{"width":1600,"height":1600,"url":"https:\/\/www.van2go.travel\/wp-content\/uploads\/2024\/02\/Z3808.jpg","type":"image\/jpeg"}],"twitter_card":"summary_large_image","twitter_misc":{"Szacowany czas czytania":"3 minuty"},"schema":{"@context":"https:\/\/schema.org","@graph":[{"@type":"WebPage","@id":"https:\/\/www.van2go.travel\/produkt\/qeedo-freedom-air-2\/","url":"https:\/\/www.van2go.travel\/produkt\/qeedo-freedom-air-2\/","name":"Qeedo Freedom Air 2","isPartOf":{"@id":"https:\/\/www.van2go.travel\/#website"},"primaryImageOfPage":{"@id":"https:\/\/www.van2go.travel\/produkt\/qeedo-freedom-air-2\/#primaryimage"},"image":{"@id":"https:\/\/www.van2go.travel\/produkt\/qeedo-freedom-air-2\/#primaryimage"},"thumbnailUrl":"https:\/\/www.van2go.travel\/wp-content\/uploads\/2024\/02\/Z3808.jpg","datePublished":"2024-02-06T19:34:20+00:00","dateModified":"2025-08-01T12:23:12+00:00","description":"Das Freedom Air 2, das aufblasbare Dachzelt f\u00fcr zwei Personen, revolutioniert dein Camping-Erlebnis. Pumpe an, aufblasen, genie\u00dfen.","breadcrumb":{"@id":"https:\/\/www.van2go.travel\/produkt\/qeedo-freedom-air-2\/#breadcrumb"},"inLanguage":"pl-PL","potentialAction":[{"@type":"ReadAction","target":["https:\/\/www.van2go.travel\/produkt\/qeedo-freedom-air-2\/"]}]},{"@type":"ImageObject","inLanguage":"pl-PL","@id":"https:\/\/www.van2go.travel\/produkt\/qeedo-freedom-air-2\/#primaryimage","url":"https:\/\/www.van2go.travel\/wp-content\/uploads\/2024\/02\/Z3808.jpg","contentUrl":"https:\/\/www.van2go.travel\/wp-content\/uploads\/2024\/02\/Z3808.jpg","width":1600,"height":1600},{"@type":"BreadcrumbList","@id":"https:\/\/www.van2go.travel\/produkt\/qeedo-freedom-air-2\/#breadcrumb","itemListElement":[{"@type":"ListItem","position":1,"name":"Startseite","item":"https:\/\/www.van2go.travel\/"},{"@type":"ListItem","position":2,"name":"Shop","item":"https:\/\/www.van2go.travel\/shop\/"},{"@type":"ListItem","position":3,"name":"Qeedo Freedom Air 2"}]},{"@type":"WebSite","@id":"https:\/\/www.van2go.travel\/#website","url":"https:\/\/www.van2go.travel\/","name":"Van2Go","description":"Camper Vans und Wohnmobile mieten in Singen am Bodensee","publisher":{"@id":"https:\/\/www.van2go.travel\/#organization"},"potentialAction":[{"@type":"SearchAction","target":{"@type":"EntryPoint","urlTemplate":"https:\/\/www.van2go.travel\/?s={search_term_string}"},"query-input":{"@type":"PropertyValueSpecification","valueRequired":true,"valueName":"search_term_string"}}],"inLanguage":"pl-PL"},{"@type":"Organization","@id":"https:\/\/www.van2go.travel\/#organization","name":"Van2Go","url":"https:\/\/www.van2go.travel\/","logo":{"@type":"ImageObject","inLanguage":"pl-PL","@id":"https:\/\/www.van2go.travel\/#\/schema\/logo\/image\/","url":"https:\/\/www.van2go.travel\/wp-content\/uploads\/2021\/12\/Van2Go-Original-Logo_Schrift-rechts-gross.png","contentUrl":"https:\/\/www.van2go.travel\/wp-content\/uploads\/2021\/12\/Van2Go-Original-Logo_Schrift-rechts-gross.png","width":2825,"height":1008,"caption":"Van2Go"},"image":{"@id":"https:\/\/www.van2go.travel\/#\/schema\/logo\/image\/"},"sameAs":["https:\/\/www.facebook.com\/van2go.travel"]}]}},"_links":{"self":[{"href":"https:\/\/www.van2go.travel\/pl\/wp-json\/wp\/v2\/product\/3772","targetHints":{"allow":["GET"]}}],"collection":[{"href":"https:\/\/www.van2go.travel\/pl\/wp-json\/wp\/v2\/product"}],"about":[{"href":"https:\/\/www.van2go.travel\/pl\/wp-json\/wp\/v2\/types\/product"}],"replies":[{"embeddable":true,"href":"https:\/\/www.van2go.travel\/pl\/wp-json\/wp\/v2\/comments?post=3772"}],"wp:featuredmedia":[{"embeddable":true,"href":"https:\/\/www.van2go.travel\/pl\/wp-json\/wp\/v2\/media\/4024"}],"wp:attachment":[{"href":"https:\/\/www.van2go.travel\/pl\/wp-json\/wp\/v2\/media?parent=3772"}],"wp:term":[{"taxonomy":"product_brand","embeddable":true,"href":"https:\/\/www.van2go.travel\/pl\/wp-json\/wp\/v2\/product_brand?post=3772"},{"taxonomy":"product_cat","embeddable":true,"href":"https:\/\/www.van2go.travel\/pl\/wp-json\/wp\/v2\/product_cat?post=3772"},{"taxonomy":"product_tag","embeddable":true,"href":"https:\/\/www.van2go.travel\/pl\/wp-json\/wp\/v2\/product_tag?post=3772"}],"curies":[{"name":"wp","href":"https:\/\/api.w.org\/{rel}","templated":true}]}}