{"id":3766,"date":"2024-01-28T18:25:23","date_gmt":"2024-01-28T17:25:23","guid":{"rendered":"https:\/\/www.van2go.travel\/?post_type=product&#038;p=3766"},"modified":"2025-08-01T14:22:18","modified_gmt":"2025-08-01T12:22:18","slug":"qeedo-freedom-slim-2","status":"publish","type":"product","link":"https:\/\/www.van2go.travel\/pl\/produkt\/qeedo-freedom-slim-2\/","title":{"rendered":"Qeedo Freedom Slim 2"},"content":{"rendered":"<h4><span class=\"inline-block w-full text-center\">Bereit f\u00fcr die n\u00e4chste Generation <\/span><span class=\"inline-block w-full text-center\">des Freedom Slim 2<\/span><\/h4>\n<p class=\"\">Das Freedom Slim 2 ist perfekt f\u00fcr entspanntes und stilbewusstes Reisen. Die neue Generation kommt mit wesentlichen Updates, um dein Dachzelterlebnis noch besser zu machen. Mit integrierten Gasdruckd\u00e4mpfern entfaltet es sich m\u00fchelos und verschwindet genauso leicht in seiner robusten Hartschalenbox \u2013 extrem flach im geschlossenen Zustand.<\/p>\n<p class=\"\">Seine belastbare 20 mm starke Aluminium-Wabendeckplatte und die mitgelieferte bel\u00fcftete Matratze machen es ideal f\u00fcr zwei Personen. Drei gro\u00dfe Fenster und ein Dachfenster bieten einen Blick in den Sternenhimmel.<\/p>\n<p>&nbsp;<\/p>\n<p>Robustes und schmales Hardcover-Dachzelt mit extrem stabilem Aluminium Deckel und Gasdruckfedern f\u00fcr einfaches \u00f6ffnen<\/p>\n<p>Doppelwandiges Dachzelt f\u00fcr 2 Personen \/ bequeme Matratze mit integriertem 3D-Mesh \/ \u00dcberdachter Eingangsbereich<\/p>\n<p>Liegefl\u00e4che 210 x 140 cm \/ Gewicht (ohne Leiter): 67,7 kg \/ Tragkraft: ca. 200 kg \/ mit wenigen Handgriffen aufgebaut<\/p>\n<p>Au\u00dfenzelt aus robustem Ripstop Polyoxford \/ 3000 mm Wassers\u00e4ule \/ Atmungsaktives Innenzelt aus Baumwollmischgewebe<\/p>\n<p>Inkl. Aluminium Teleskopleiter mit Tasche, Schuhtasche, Matratze mit 3D-Mesh, Montage-Set und Montageanleitung<\/p>\n<p>&nbsp;<\/p>\n<p>&nbsp;<\/p>\n<div class=\"grid grid-cols-12 gap-x-4\">\n<div class=\"MultiColumnContent_column__UG4_r MultiColumnContent_underneath__QqNA0\">\n<div class=\"mx-auto w-fit\">\n<div class=\"CustomPortableText_root__q8Kzk\">\n<div class=\"MultiColumnContent_column__UG4_r MultiColumnContent_underneath__QqNA0\">\n<div class=\"mx-auto w-fit\">\n<div class=\"CustomPortableText_root__q8Kzk\">\n<div>\n<p>&nbsp;<\/p>\n<\/div>\n<\/div>\n<\/div>\n<\/div>\n<\/div>\n<\/div>\n<\/div>\n<\/div>\n","protected":false},"excerpt":{"rendered":"<p>Robustes und schmales Hardcover-Dachzelt<\/p>\n","protected":false},"featured_media":3804,"comment_status":"open","ping_status":"closed","template":"","meta":[],"product_brand":[],"product_cat":[256],"product_tag":[],"class_list":{"0":"post-3766","1":"product","2":"type-product","3":"status-publish","4":"has-post-thumbnail","6":"product_cat-dachzelt","7":"product_shipping_class-versand-dachzelt","9":"first","10":"instock","11":"sale","12":"taxable","13":"shipping-taxable","14":"purchasable","15":"product-type-simple"},"yoast_head":"<!-- This site is optimized with the Yoast SEO plugin v26.6 - https:\/\/yoast.com\/wordpress\/plugins\/seo\/ -->\n<title>Qeedo Freedom Slim 2<\/title>\n<meta name=\"description\" content=\"Das Freedom Slim 2 ist einfach zu bedienen und bietet eine gro\u00dfe Liegefl\u00e4che (140 x 210 cm) in einer Hartschalenbox. Aufklappen, einsteigen, genie\u00dfen.\" \/>\n<meta name=\"robots\" content=\"index, follow, max-snippet:-1, max-image-preview:large, max-video-preview:-1\" \/>\n<link rel=\"canonical\" href=\"https:\/\/www.van2go.travel\/pl\/produkt\/qeedo-freedom-slim-2\/\" \/>\n<meta property=\"og:locale\" content=\"pl_PL\" \/>\n<meta property=\"og:locale:alternate\" content=\"de_DE\" \/>\n<meta property=\"og:type\" content=\"article\" \/>\n<meta property=\"og:title\" content=\"Qeedo Freedom Slim 2\" \/>\n<meta property=\"og:description\" content=\"Das Freedom Slim 2 ist einfach zu bedienen und bietet eine gro\u00dfe Liegefl\u00e4che (140 x 210 cm) in einer Hartschalenbox. Aufklappen, einsteigen, genie\u00dfen.\" \/>\n<meta property=\"og:url\" content=\"https:\/\/www.van2go.travel\/pl\/produkt\/qeedo-freedom-slim-2\/\" \/>\n<meta property=\"og:site_name\" content=\"Van2Go\" \/>\n<meta property=\"article:publisher\" content=\"https:\/\/www.facebook.com\/van2go.travel\" \/>\n<meta property=\"article:modified_time\" content=\"2025-08-01T12:22:18+00:00\" \/>\n<meta property=\"og:image\" content=\"https:\/\/www.van2go.travel\/wp-content\/uploads\/2024\/01\/Z3858SL_1.jpg\" \/>\n\t<meta property=\"og:image:width\" content=\"1600\" \/>\n\t<meta property=\"og:image:height\" content=\"1600\" \/>\n\t<meta property=\"og:image:type\" content=\"image\/jpeg\" \/>\n<meta name=\"twitter:card\" content=\"summary_large_image\" \/>\n<meta name=\"twitter:label1\" content=\"Szacowany czas czytania\" \/>\n\t<meta name=\"twitter:data1\" content=\"2 minuty\" \/>\n<script type=\"application\/ld+json\" class=\"yoast-schema-graph\">{\"@context\":\"https:\/\/schema.org\",\"@graph\":[{\"@type\":\"WebPage\",\"@id\":\"https:\/\/www.van2go.travel\/produkt\/qeedo-freedom-slim-2\/\",\"url\":\"https:\/\/www.van2go.travel\/produkt\/qeedo-freedom-slim-2\/\",\"name\":\"Qeedo Freedom Slim 2\",\"isPartOf\":{\"@id\":\"https:\/\/www.van2go.travel\/#website\"},\"primaryImageOfPage\":{\"@id\":\"https:\/\/www.van2go.travel\/produkt\/qeedo-freedom-slim-2\/#primaryimage\"},\"image\":{\"@id\":\"https:\/\/www.van2go.travel\/produkt\/qeedo-freedom-slim-2\/#primaryimage\"},\"thumbnailUrl\":\"https:\/\/www.van2go.travel\/wp-content\/uploads\/2024\/01\/Z3858SL_1.jpg\",\"datePublished\":\"2024-01-28T17:25:23+00:00\",\"dateModified\":\"2025-08-01T12:22:18+00:00\",\"description\":\"Das Freedom Slim 2 ist einfach zu bedienen und bietet eine gro\u00dfe Liegefl\u00e4che (140 x 210 cm) in einer Hartschalenbox. Aufklappen, einsteigen, genie\u00dfen.\",\"breadcrumb\":{\"@id\":\"https:\/\/www.van2go.travel\/produkt\/qeedo-freedom-slim-2\/#breadcrumb\"},\"inLanguage\":\"pl-PL\",\"potentialAction\":[{\"@type\":\"ReadAction\",\"target\":[\"https:\/\/www.van2go.travel\/produkt\/qeedo-freedom-slim-2\/\"]}]},{\"@type\":\"ImageObject\",\"inLanguage\":\"pl-PL\",\"@id\":\"https:\/\/www.van2go.travel\/produkt\/qeedo-freedom-slim-2\/#primaryimage\",\"url\":\"https:\/\/www.van2go.travel\/wp-content\/uploads\/2024\/01\/Z3858SL_1.jpg\",\"contentUrl\":\"https:\/\/www.van2go.travel\/wp-content\/uploads\/2024\/01\/Z3858SL_1.jpg\",\"width\":1600,\"height\":1600},{\"@type\":\"BreadcrumbList\",\"@id\":\"https:\/\/www.van2go.travel\/produkt\/qeedo-freedom-slim-2\/#breadcrumb\",\"itemListElement\":[{\"@type\":\"ListItem\",\"position\":1,\"name\":\"Startseite\",\"item\":\"https:\/\/www.van2go.travel\/\"},{\"@type\":\"ListItem\",\"position\":2,\"name\":\"Shop\",\"item\":\"https:\/\/www.van2go.travel\/shop\/\"},{\"@type\":\"ListItem\",\"position\":3,\"name\":\"Qeedo Freedom Slim 2\"}]},{\"@type\":\"WebSite\",\"@id\":\"https:\/\/www.van2go.travel\/#website\",\"url\":\"https:\/\/www.van2go.travel\/\",\"name\":\"Van2Go\",\"description\":\"Camper Vans und Wohnmobile mieten in Singen am Bodensee\",\"publisher\":{\"@id\":\"https:\/\/www.van2go.travel\/#organization\"},\"potentialAction\":[{\"@type\":\"SearchAction\",\"target\":{\"@type\":\"EntryPoint\",\"urlTemplate\":\"https:\/\/www.van2go.travel\/?s={search_term_string}\"},\"query-input\":{\"@type\":\"PropertyValueSpecification\",\"valueRequired\":true,\"valueName\":\"search_term_string\"}}],\"inLanguage\":\"pl-PL\"},{\"@type\":\"Organization\",\"@id\":\"https:\/\/www.van2go.travel\/#organization\",\"name\":\"Van2Go\",\"url\":\"https:\/\/www.van2go.travel\/\",\"logo\":{\"@type\":\"ImageObject\",\"inLanguage\":\"pl-PL\",\"@id\":\"https:\/\/www.van2go.travel\/#\/schema\/logo\/image\/\",\"url\":\"https:\/\/www.van2go.travel\/wp-content\/uploads\/2021\/12\/Van2Go-Original-Logo_Schrift-rechts-gross.png\",\"contentUrl\":\"https:\/\/www.van2go.travel\/wp-content\/uploads\/2021\/12\/Van2Go-Original-Logo_Schrift-rechts-gross.png\",\"width\":2825,\"height\":1008,\"caption\":\"Van2Go\"},\"image\":{\"@id\":\"https:\/\/www.van2go.travel\/#\/schema\/logo\/image\/\"},\"sameAs\":[\"https:\/\/www.facebook.com\/van2go.travel\"]}]}<\/script>\n<!-- \/ Yoast SEO plugin. -->","yoast_head_json":{"title":"Qeedo Freedom Slim 2","description":"Das Freedom Slim 2 ist einfach zu bedienen und bietet eine gro\u00dfe Liegefl\u00e4che (140 x 210 cm) in einer Hartschalenbox. Aufklappen, einsteigen, genie\u00dfen.","robots":{"index":"index","follow":"follow","max-snippet":"max-snippet:-1","max-image-preview":"max-image-preview:large","max-video-preview":"max-video-preview:-1"},"canonical":"https:\/\/www.van2go.travel\/pl\/produkt\/qeedo-freedom-slim-2\/","og_locale":"pl_PL","og_type":"article","og_title":"[:de]Qeedo Freedom Slim 2[:] - Van2Go","og_description":"[:de]Das Freedom Slim 2 ist einfach zu bedienen und bietet eine gro\u00dfe Liegefl\u00e4che (140 x 210 cm) in einer Hartschalenbox. Aufklappen, einsteigen, genie\u00dfen.[:]","og_url":"https:\/\/www.van2go.travel\/pl\/produkt\/qeedo-freedom-slim-2\/","og_site_name":"Van2Go","article_publisher":"https:\/\/www.facebook.com\/van2go.travel","article_modified_time":"2025-08-01T12:22:18+00:00","og_image":[{"width":1600,"height":1600,"url":"https:\/\/www.van2go.travel\/wp-content\/uploads\/2024\/01\/Z3858SL_1.jpg","type":"image\/jpeg"}],"twitter_card":"summary_large_image","twitter_misc":{"Szacowany czas czytania":"2 minuty"},"schema":{"@context":"https:\/\/schema.org","@graph":[{"@type":"WebPage","@id":"https:\/\/www.van2go.travel\/produkt\/qeedo-freedom-slim-2\/","url":"https:\/\/www.van2go.travel\/produkt\/qeedo-freedom-slim-2\/","name":"Qeedo Freedom Slim 2","isPartOf":{"@id":"https:\/\/www.van2go.travel\/#website"},"primaryImageOfPage":{"@id":"https:\/\/www.van2go.travel\/produkt\/qeedo-freedom-slim-2\/#primaryimage"},"image":{"@id":"https:\/\/www.van2go.travel\/produkt\/qeedo-freedom-slim-2\/#primaryimage"},"thumbnailUrl":"https:\/\/www.van2go.travel\/wp-content\/uploads\/2024\/01\/Z3858SL_1.jpg","datePublished":"2024-01-28T17:25:23+00:00","dateModified":"2025-08-01T12:22:18+00:00","description":"Das Freedom Slim 2 ist einfach zu bedienen und bietet eine gro\u00dfe Liegefl\u00e4che (140 x 210 cm) in einer Hartschalenbox. Aufklappen, einsteigen, genie\u00dfen.","breadcrumb":{"@id":"https:\/\/www.van2go.travel\/produkt\/qeedo-freedom-slim-2\/#breadcrumb"},"inLanguage":"pl-PL","potentialAction":[{"@type":"ReadAction","target":["https:\/\/www.van2go.travel\/produkt\/qeedo-freedom-slim-2\/"]}]},{"@type":"ImageObject","inLanguage":"pl-PL","@id":"https:\/\/www.van2go.travel\/produkt\/qeedo-freedom-slim-2\/#primaryimage","url":"https:\/\/www.van2go.travel\/wp-content\/uploads\/2024\/01\/Z3858SL_1.jpg","contentUrl":"https:\/\/www.van2go.travel\/wp-content\/uploads\/2024\/01\/Z3858SL_1.jpg","width":1600,"height":1600},{"@type":"BreadcrumbList","@id":"https:\/\/www.van2go.travel\/produkt\/qeedo-freedom-slim-2\/#breadcrumb","itemListElement":[{"@type":"ListItem","position":1,"name":"Startseite","item":"https:\/\/www.van2go.travel\/"},{"@type":"ListItem","position":2,"name":"Shop","item":"https:\/\/www.van2go.travel\/shop\/"},{"@type":"ListItem","position":3,"name":"Qeedo Freedom Slim 2"}]},{"@type":"WebSite","@id":"https:\/\/www.van2go.travel\/#website","url":"https:\/\/www.van2go.travel\/","name":"Van2Go","description":"Camper Vans und Wohnmobile mieten in Singen am Bodensee","publisher":{"@id":"https:\/\/www.van2go.travel\/#organization"},"potentialAction":[{"@type":"SearchAction","target":{"@type":"EntryPoint","urlTemplate":"https:\/\/www.van2go.travel\/?s={search_term_string}"},"query-input":{"@type":"PropertyValueSpecification","valueRequired":true,"valueName":"search_term_string"}}],"inLanguage":"pl-PL"},{"@type":"Organization","@id":"https:\/\/www.van2go.travel\/#organization","name":"Van2Go","url":"https:\/\/www.van2go.travel\/","logo":{"@type":"ImageObject","inLanguage":"pl-PL","@id":"https:\/\/www.van2go.travel\/#\/schema\/logo\/image\/","url":"https:\/\/www.van2go.travel\/wp-content\/uploads\/2021\/12\/Van2Go-Original-Logo_Schrift-rechts-gross.png","contentUrl":"https:\/\/www.van2go.travel\/wp-content\/uploads\/2021\/12\/Van2Go-Original-Logo_Schrift-rechts-gross.png","width":2825,"height":1008,"caption":"Van2Go"},"image":{"@id":"https:\/\/www.van2go.travel\/#\/schema\/logo\/image\/"},"sameAs":["https:\/\/www.facebook.com\/van2go.travel"]}]}},"_links":{"self":[{"href":"https:\/\/www.van2go.travel\/pl\/wp-json\/wp\/v2\/product\/3766","targetHints":{"allow":["GET"]}}],"collection":[{"href":"https:\/\/www.van2go.travel\/pl\/wp-json\/wp\/v2\/product"}],"about":[{"href":"https:\/\/www.van2go.travel\/pl\/wp-json\/wp\/v2\/types\/product"}],"replies":[{"embeddable":true,"href":"https:\/\/www.van2go.travel\/pl\/wp-json\/wp\/v2\/comments?post=3766"}],"wp:featuredmedia":[{"embeddable":true,"href":"https:\/\/www.van2go.travel\/pl\/wp-json\/wp\/v2\/media\/3804"}],"wp:attachment":[{"href":"https:\/\/www.van2go.travel\/pl\/wp-json\/wp\/v2\/media?parent=3766"}],"wp:term":[{"taxonomy":"product_brand","embeddable":true,"href":"https:\/\/www.van2go.travel\/pl\/wp-json\/wp\/v2\/product_brand?post=3766"},{"taxonomy":"product_cat","embeddable":true,"href":"https:\/\/www.van2go.travel\/pl\/wp-json\/wp\/v2\/product_cat?post=3766"},{"taxonomy":"product_tag","embeddable":true,"href":"https:\/\/www.van2go.travel\/pl\/wp-json\/wp\/v2\/product_tag?post=3766"}],"curies":[{"name":"wp","href":"https:\/\/api.w.org\/{rel}","templated":true}]}}