{"id":3739,"date":"2024-01-28T15:40:25","date_gmt":"2024-01-28T14:40:25","guid":{"rendered":"https:\/\/www.van2go.travel\/?post_type=product&#038;p=3739"},"modified":"2025-10-28T10:03:12","modified_gmt":"2025-10-28T09:03:12","slug":"qeedo-freedom-light-l","status":"publish","type":"product","link":"https:\/\/www.van2go.travel\/pl\/produkt\/qeedo-freedom-light-l\/","title":{"rendered":"Qeedo Freedom Light L"},"content":{"rendered":"<div class=\"CustomPortableText_root__q8Kzk\">\n<h3><span class=\"inline-block w-full text-center\"><span class=\"font-semibold\">Leicht. Leichter. Freedom Light.<\/span><\/span><\/h3>\n<p class=\"\"><span class=\"inline-block w-full text-center\">Das Freedom Light ist ein extrem leichtes Soft-Top Dachzelt welches auf nahezu jedes Auto passt. Es ist das Leichtgewicht der qeedo Freedom Dachzelt-Serie und bietet eine Liegebreite von 140 cm. Dadurch ist es perfekt f\u00fcr bis zu 2 Personen geeignet und bietet dennoch eine ger\u00e4umige Liegefl\u00e4che.<\/span><\/p>\n<\/div>\n<div class=\"mx-auto w-fit\">\n<div class=\"CustomPortableText_root__q8Kzk\">\n<h3><span class=\"font-semibold\">Schnell auf<strong>gebaut<\/strong><\/span><\/h3>\n<p class=\"\">Wir erm\u00f6glichen dir einen unkomplizierten, sicheren und schnellen Aufbau mit wenigen Handgriffen. Aufgrund des leichten Gewichts und des handlichen Designs kann das Light einfach gehandhabt und montiert werden. Somit kann es auch per Hand zu zweit montiert werden und passt auch auf kleine Fahrzeuge.<\/p>\n<h3 class=\"hidden md:block\">All-in-One<\/h3>\n<\/div>\n<\/div>\n<div class=\"grid grid-cols-12 gap-x-4\">\n<div class=\"MultiColumnContent_column__UG4_r MultiColumnContent_underneath__QqNA0\">\n<div class=\"mx-auto w-fit\">\n<div class=\"CustomPortableText_root__q8Kzk\">\n<div class=\"hidden md:block\">Wir liefern Dir keinen Bausatz, qeedo Dachzelte sind zu 100% vormontiert. Du musst bei uns keine Zubeh\u00f6rteile au\u00dfer Dachtr\u00e4ger kaufen. Alle f\u00fcr die Montage notwendigen Teile werden in einer organisierten Tasche mitgeliefert. Mit qeedo kannst du sofort starten.<\/div>\n<\/div>\n<\/div>\n<\/div>\n<div class=\"MultiColumnContent_column__UG4_r MultiColumnContent_underneath__QqNA0\">\n<div class=\"mx-auto w-fit\">\n<div class=\"CustomPortableText_root__q8Kzk\">\n<p class=\"\">Inklusive Aluminium Teleskopleiter mit Tasche, Schuhtasche, Montage-Set, Matratze und Montageanleitung.<\/p>\n<h3><span class=\"font-semibold\">Panorama<\/span><\/h3>\n<p class=\"\">Erkunde die Weiten jeder Landschaft noch besser. Wir m\u00f6chten der Natur ganz nah sein, und dazu geh\u00f6rt auch ein ungetr\u00fcbter Blick, mit qeedo kein Problem. Die gro\u00dfen Fensterfl\u00e4chen lassen sich ringsum komplett \u00f6ffnen. Je nach Situation und Position immer der beste Blick.<\/p>\n<h3>Skyroof<\/h3>\n<p class=\"\">Ein im Dach integriertes, verschlie\u00dfbares Fenster erlaubt einen perfekten Blick in den Nachthimmel. Camping neu erleben mit einem Blick in den Sternenhimmel.<\/p>\n<h3><span class=\"font-semibold\">Hochwertige Materialien<\/span><\/h3>\n<p class=\"\">Profilrahmen pulverbeschichtet: Der gesamte Rahmen besteht aus pulverbeschichtetem Aluminium. Das macht das Zelt nicht nur leichter sondern auch unempfindlich gegen Kratzer und Rost.<\/p>\n<h3>Komfortabel schlafen<\/h3>\n<p class=\"\">F\u00fcr eine bequeme Nacht und einen erholsamen Schlaf liefert qeedo die besten Voraussetzungen.<\/p>\n<h3>Dual Matratze<\/h3>\n<p class=\"\">Auf einer Hartschaumplatte liegt zus\u00e4tzlich eine weiche Schaummatratze mit waschbarem, gestepptem Baumwollbezug. Die, 205 x 120 x 5 cm, bzw. 205 x 140 x 5 cm gro\u00dfe, Matratze ist nicht nur bequem, sondern auch praktisch und hygienisch.<\/p>\n<h3>Abgedunkeltes Polycotton<\/h3>\n<p class=\"\">Das Innenzelt besteht aus einem blickdichtem 210D Polycotton Ripstop Polyester. Stabiler abgedunkelter Stoff, der einen langen Schlaf garantiert.<\/p>\n<h3>Verschlie\u00dfbare L\u00fcftungs\u00f6ffnungen<\/h3>\n<p class=\"\">Zus\u00e4tzlich zu den gro\u00dfen Fensterfl\u00e4chen gibt es regengesch\u00fctzte und verschlie\u00dfbare L\u00fcftungs\u00f6ffnungen. Auch bei Regen kommt so immer gen\u00fcgend frische Luft ins Zelt.<\/p>\n<div class=\"-mb-3 grid grid-cols-1 md:grid-cols-2\">\n<div class=\"w-full overflow-x-scroll pt-6 md:overflow-x-visible\">\n<h3>Die technischen Details<\/h3>\n<p>L\u00e4nge: 217cm<br \/>\nBreite: 154cm<br \/>\nH\u00f6he: 154cm<\/p>\n<h3>Spezifikationen<\/h3>\n<p>Personen: 2<br \/>\nAufbausystem: Softcover<br \/>\nSchlafkabinen: 1<br \/>\nEing\u00e4nge: 1<br \/>\nWassers\u00e4ule (Au\u00dfenzelt): 3000mm<br \/>\nWassers\u00e4ule (Bodenplane): 2000mm<\/p>\n<h3>Material<\/h3>\n<p>Gest\u00e4nge: Aluminium<br \/>\nAu\u00dfenzelt: Polyester<br \/>\nInnenzelt: TC (Baumwolle+Polyester)<br \/>\nBoden: Polyester<br \/>\nMaterialst\u00e4rke: 210D<\/p>\n<h3>Packma\u00df<\/h3>\n<p>L\u00e4nge: 225cm<br \/>\nBreite: 155cm<br \/>\nH\u00f6he: 28cm<br \/>\nGewicht: ohne Leiter 45500g<\/p>\n<\/div>\n<\/div>\n<\/div>\n<\/div>\n<\/div>\n<\/div>\n","protected":false},"excerpt":{"rendered":"<p>Extrem leichtes Soft-Top Dachzelt<\/p>\n","protected":false},"featured_media":3731,"comment_status":"open","ping_status":"closed","template":"","meta":[],"product_brand":[],"product_cat":[256],"product_tag":[],"class_list":{"0":"post-3739","1":"product","2":"type-product","3":"status-publish","4":"has-post-thumbnail","6":"product_cat-dachzelt","7":"product_shipping_class-versand-dachzelt","9":"first","10":"instock","11":"sale","12":"taxable","13":"shipping-taxable","14":"purchasable","15":"product-type-simple"},"yoast_head":"<!-- This site is optimized with the Yoast SEO plugin v26.6 - https:\/\/yoast.com\/wordpress\/plugins\/seo\/ -->\n<title>Qeedo Freedom Light L<\/title>\n<meta name=\"description\" content=\"Das Freedom Light ist ein extrem leichtes Soft-Top Dachzelt welches auf nahezu jedes Auto passt und eine gro\u00dfe Liegefl\u00e4che (140 x 210 cm) bietet.\" \/>\n<meta name=\"robots\" content=\"index, follow, max-snippet:-1, max-image-preview:large, max-video-preview:-1\" \/>\n<link rel=\"canonical\" href=\"https:\/\/www.van2go.travel\/pl\/produkt\/qeedo-freedom-light-l\/\" \/>\n<meta property=\"og:locale\" content=\"pl_PL\" \/>\n<meta property=\"og:locale:alternate\" content=\"de_DE\" \/>\n<meta property=\"og:type\" content=\"article\" \/>\n<meta property=\"og:title\" content=\"Qeedo Freedom Light L\" \/>\n<meta property=\"og:description\" content=\"Das Freedom Light ist ein extrem leichtes Soft-Top Dachzelt welches auf nahezu jedes Auto passt und eine gro\u00dfe Liegefl\u00e4che (140 x 210 cm) bietet.\" \/>\n<meta property=\"og:url\" content=\"https:\/\/www.van2go.travel\/pl\/produkt\/qeedo-freedom-light-l\/\" \/>\n<meta property=\"og:site_name\" content=\"Van2Go - Das Microcamping Center in Singen am Bodensee\" \/>\n<meta property=\"article:publisher\" content=\"https:\/\/www.facebook.com\/van2go.travel\" \/>\n<meta property=\"article:modified_time\" content=\"2025-10-28T09:03:12+00:00\" \/>\n<meta property=\"og:image\" content=\"https:\/\/www.van2go.travel\/wp-content\/uploads\/2024\/01\/Z3605.jpg\" \/>\n\t<meta property=\"og:image:width\" content=\"1600\" \/>\n\t<meta property=\"og:image:height\" content=\"1600\" \/>\n\t<meta property=\"og:image:type\" content=\"image\/jpeg\" \/>\n<meta name=\"twitter:card\" content=\"summary_large_image\" \/>\n<meta name=\"twitter:label1\" content=\"Szacowany czas czytania\" \/>\n\t<meta name=\"twitter:data1\" content=\"3 minuty\" \/>\n<script type=\"application\/ld+json\" class=\"yoast-schema-graph\">{\"@context\":\"https:\/\/schema.org\",\"@graph\":[{\"@type\":\"WebPage\",\"@id\":\"https:\/\/www.van2go.travel\/produkt\/qeedo-freedom-light-l\/\",\"url\":\"https:\/\/www.van2go.travel\/produkt\/qeedo-freedom-light-l\/\",\"name\":\"Qeedo Freedom Light L\",\"isPartOf\":{\"@id\":\"https:\/\/www.van2go.travel\/#website\"},\"primaryImageOfPage\":{\"@id\":\"https:\/\/www.van2go.travel\/produkt\/qeedo-freedom-light-l\/#primaryimage\"},\"image\":{\"@id\":\"https:\/\/www.van2go.travel\/produkt\/qeedo-freedom-light-l\/#primaryimage\"},\"thumbnailUrl\":\"https:\/\/www.van2go.travel\/wp-content\/uploads\/2024\/01\/Z3605.jpg\",\"datePublished\":\"2024-01-28T14:40:25+00:00\",\"dateModified\":\"2025-10-28T09:03:12+00:00\",\"description\":\"Das Freedom Light ist ein extrem leichtes Soft-Top Dachzelt welches auf nahezu jedes Auto passt und eine gro\u00dfe Liegefl\u00e4che (140 x 210 cm) bietet.\",\"breadcrumb\":{\"@id\":\"https:\/\/www.van2go.travel\/produkt\/qeedo-freedom-light-l\/#breadcrumb\"},\"inLanguage\":\"pl-PL\",\"potentialAction\":[{\"@type\":\"ReadAction\",\"target\":[\"https:\/\/www.van2go.travel\/produkt\/qeedo-freedom-light-l\/\"]}]},{\"@type\":\"ImageObject\",\"inLanguage\":\"pl-PL\",\"@id\":\"https:\/\/www.van2go.travel\/produkt\/qeedo-freedom-light-l\/#primaryimage\",\"url\":\"https:\/\/www.van2go.travel\/wp-content\/uploads\/2024\/01\/Z3605.jpg\",\"contentUrl\":\"https:\/\/www.van2go.travel\/wp-content\/uploads\/2024\/01\/Z3605.jpg\",\"width\":1600,\"height\":1600},{\"@type\":\"BreadcrumbList\",\"@id\":\"https:\/\/www.van2go.travel\/produkt\/qeedo-freedom-light-l\/#breadcrumb\",\"itemListElement\":[{\"@type\":\"ListItem\",\"position\":1,\"name\":\"Startseite\",\"item\":\"https:\/\/www.van2go.travel\/\"},{\"@type\":\"ListItem\",\"position\":2,\"name\":\"Shop\",\"item\":\"https:\/\/www.van2go.travel\/shop\/\"},{\"@type\":\"ListItem\",\"position\":3,\"name\":\"Qeedo Freedom Light L\"}]},{\"@type\":\"WebSite\",\"@id\":\"https:\/\/www.van2go.travel\/#website\",\"url\":\"https:\/\/www.van2go.travel\/\",\"name\":\"Van2Go - Das Microcamping Center in Singen am Bodensee\",\"description\":\"Autorisierter H\u00e4ndler des Travelers von squiq, der Nestbox von Ego\u00e9, qeedo Dachzelten, E-Bikes von VanMoof und der Aufbaubatterie Saftkiste. Wir haben die L\u00f6sung, um dein Auto in einen Camper zu verwandeln.\",\"publisher\":{\"@id\":\"https:\/\/www.van2go.travel\/#organization\"},\"potentialAction\":[{\"@type\":\"SearchAction\",\"target\":{\"@type\":\"EntryPoint\",\"urlTemplate\":\"https:\/\/www.van2go.travel\/?s={search_term_string}\"},\"query-input\":{\"@type\":\"PropertyValueSpecification\",\"valueRequired\":true,\"valueName\":\"search_term_string\"}}],\"inLanguage\":\"pl-PL\"},{\"@type\":\"Organization\",\"@id\":\"https:\/\/www.van2go.travel\/#organization\",\"name\":\"Van2Go\",\"url\":\"https:\/\/www.van2go.travel\/\",\"logo\":{\"@type\":\"ImageObject\",\"inLanguage\":\"pl-PL\",\"@id\":\"https:\/\/www.van2go.travel\/#\/schema\/logo\/image\/\",\"url\":\"https:\/\/www.van2go.travel\/wp-content\/uploads\/2021\/12\/Van2Go-Original-Logo_Schrift-rechts-gross.png\",\"contentUrl\":\"https:\/\/www.van2go.travel\/wp-content\/uploads\/2021\/12\/Van2Go-Original-Logo_Schrift-rechts-gross.png\",\"width\":2825,\"height\":1008,\"caption\":\"Van2Go\"},\"image\":{\"@id\":\"https:\/\/www.van2go.travel\/#\/schema\/logo\/image\/\"},\"sameAs\":[\"https:\/\/www.facebook.com\/van2go.travel\"]}]}<\/script>\n<!-- \/ Yoast SEO plugin. -->","yoast_head_json":{"title":"Qeedo Freedom Light L","description":"Das Freedom Light ist ein extrem leichtes Soft-Top Dachzelt welches auf nahezu jedes Auto passt und eine gro\u00dfe Liegefl\u00e4che (140 x 210 cm) bietet.","robots":{"index":"index","follow":"follow","max-snippet":"max-snippet:-1","max-image-preview":"max-image-preview:large","max-video-preview":"max-video-preview:-1"},"canonical":"https:\/\/www.van2go.travel\/pl\/produkt\/qeedo-freedom-light-l\/","og_locale":"pl_PL","og_type":"article","og_title":"[:de]Qeedo Freedom Light L[:] - Van2Go - Das Microcamping Center in Singen am Bodensee","og_description":"Das Freedom Light ist ein extrem leichtes Soft-Top Dachzelt welches auf nahezu jedes Auto passt und eine gro\u00dfe Liegefl\u00e4che (140 x 210 cm) bietet.","og_url":"https:\/\/www.van2go.travel\/pl\/produkt\/qeedo-freedom-light-l\/","og_site_name":"Van2Go - Das Microcamping Center in Singen am Bodensee","article_publisher":"https:\/\/www.facebook.com\/van2go.travel","article_modified_time":"2025-10-28T09:03:12+00:00","og_image":[{"width":1600,"height":1600,"url":"https:\/\/www.van2go.travel\/wp-content\/uploads\/2024\/01\/Z3605.jpg","type":"image\/jpeg"}],"twitter_card":"summary_large_image","twitter_misc":{"Szacowany czas czytania":"3 minuty"},"schema":{"@context":"https:\/\/schema.org","@graph":[{"@type":"WebPage","@id":"https:\/\/www.van2go.travel\/produkt\/qeedo-freedom-light-l\/","url":"https:\/\/www.van2go.travel\/produkt\/qeedo-freedom-light-l\/","name":"Qeedo Freedom Light L","isPartOf":{"@id":"https:\/\/www.van2go.travel\/#website"},"primaryImageOfPage":{"@id":"https:\/\/www.van2go.travel\/produkt\/qeedo-freedom-light-l\/#primaryimage"},"image":{"@id":"https:\/\/www.van2go.travel\/produkt\/qeedo-freedom-light-l\/#primaryimage"},"thumbnailUrl":"https:\/\/www.van2go.travel\/wp-content\/uploads\/2024\/01\/Z3605.jpg","datePublished":"2024-01-28T14:40:25+00:00","dateModified":"2025-10-28T09:03:12+00:00","description":"Das Freedom Light ist ein extrem leichtes Soft-Top Dachzelt welches auf nahezu jedes Auto passt und eine gro\u00dfe Liegefl\u00e4che (140 x 210 cm) bietet.","breadcrumb":{"@id":"https:\/\/www.van2go.travel\/produkt\/qeedo-freedom-light-l\/#breadcrumb"},"inLanguage":"pl-PL","potentialAction":[{"@type":"ReadAction","target":["https:\/\/www.van2go.travel\/produkt\/qeedo-freedom-light-l\/"]}]},{"@type":"ImageObject","inLanguage":"pl-PL","@id":"https:\/\/www.van2go.travel\/produkt\/qeedo-freedom-light-l\/#primaryimage","url":"https:\/\/www.van2go.travel\/wp-content\/uploads\/2024\/01\/Z3605.jpg","contentUrl":"https:\/\/www.van2go.travel\/wp-content\/uploads\/2024\/01\/Z3605.jpg","width":1600,"height":1600},{"@type":"BreadcrumbList","@id":"https:\/\/www.van2go.travel\/produkt\/qeedo-freedom-light-l\/#breadcrumb","itemListElement":[{"@type":"ListItem","position":1,"name":"Startseite","item":"https:\/\/www.van2go.travel\/"},{"@type":"ListItem","position":2,"name":"Shop","item":"https:\/\/www.van2go.travel\/shop\/"},{"@type":"ListItem","position":3,"name":"Qeedo Freedom Light L"}]},{"@type":"WebSite","@id":"https:\/\/www.van2go.travel\/#website","url":"https:\/\/www.van2go.travel\/","name":"Van2Go - Das Microcamping Center in Singen am Bodensee","description":"Autorisierter H\u00e4ndler des Travelers von squiq, der Nestbox von Ego\u00e9, qeedo Dachzelten, E-Bikes von VanMoof und der Aufbaubatterie Saftkiste. Wir haben die L\u00f6sung, um dein Auto in einen Camper zu verwandeln.","publisher":{"@id":"https:\/\/www.van2go.travel\/#organization"},"potentialAction":[{"@type":"SearchAction","target":{"@type":"EntryPoint","urlTemplate":"https:\/\/www.van2go.travel\/?s={search_term_string}"},"query-input":{"@type":"PropertyValueSpecification","valueRequired":true,"valueName":"search_term_string"}}],"inLanguage":"pl-PL"},{"@type":"Organization","@id":"https:\/\/www.van2go.travel\/#organization","name":"Van2Go","url":"https:\/\/www.van2go.travel\/","logo":{"@type":"ImageObject","inLanguage":"pl-PL","@id":"https:\/\/www.van2go.travel\/#\/schema\/logo\/image\/","url":"https:\/\/www.van2go.travel\/wp-content\/uploads\/2021\/12\/Van2Go-Original-Logo_Schrift-rechts-gross.png","contentUrl":"https:\/\/www.van2go.travel\/wp-content\/uploads\/2021\/12\/Van2Go-Original-Logo_Schrift-rechts-gross.png","width":2825,"height":1008,"caption":"Van2Go"},"image":{"@id":"https:\/\/www.van2go.travel\/#\/schema\/logo\/image\/"},"sameAs":["https:\/\/www.facebook.com\/van2go.travel"]}]}},"_links":{"self":[{"href":"https:\/\/www.van2go.travel\/pl\/wp-json\/wp\/v2\/product\/3739","targetHints":{"allow":["GET"]}}],"collection":[{"href":"https:\/\/www.van2go.travel\/pl\/wp-json\/wp\/v2\/product"}],"about":[{"href":"https:\/\/www.van2go.travel\/pl\/wp-json\/wp\/v2\/types\/product"}],"replies":[{"embeddable":true,"href":"https:\/\/www.van2go.travel\/pl\/wp-json\/wp\/v2\/comments?post=3739"}],"wp:featuredmedia":[{"embeddable":true,"href":"https:\/\/www.van2go.travel\/pl\/wp-json\/wp\/v2\/media\/3731"}],"wp:attachment":[{"href":"https:\/\/www.van2go.travel\/pl\/wp-json\/wp\/v2\/media?parent=3739"}],"wp:term":[{"taxonomy":"product_brand","embeddable":true,"href":"https:\/\/www.van2go.travel\/pl\/wp-json\/wp\/v2\/product_brand?post=3739"},{"taxonomy":"product_cat","embeddable":true,"href":"https:\/\/www.van2go.travel\/pl\/wp-json\/wp\/v2\/product_cat?post=3739"},{"taxonomy":"product_tag","embeddable":true,"href":"https:\/\/www.van2go.travel\/pl\/wp-json\/wp\/v2\/product_tag?post=3739"}],"curies":[{"name":"wp","href":"https:\/\/api.w.org\/{rel}","templated":true}]}}