{"id":4964,"date":"2026-03-30T15:54:53","date_gmt":"2026-03-30T13:54:53","guid":{"rendered":"https:\/\/www.van2go.travel\/newsletter\/"},"modified":"2026-03-30T15:54:53","modified_gmt":"2026-03-30T13:54:53","slug":"newsletter","status":"publish","type":"page","link":"https:\/\/www.van2go.travel\/pl\/newsletter\/","title":{"rendered":"Newsletter"},"content":{"rendered":"<div class=\"tnp tnp-subscription \">\n<form method=\"post\" action=\"https:\/\/www.van2go.travel\/wp-admin\/admin-ajax.php?action=tnp&amp;na=s\">\n<input type=\"hidden\" name=\"nlang\" value=\"\">\n<div class=\"tnp-field tnp-field-email\"><label for=\"tnp-1\">E-mail<\/label>\n<input class=\"tnp-email\" type=\"email\" name=\"ne\" id=\"tnp-1\" value=\"\" placeholder=\"\" required><\/div>\n<div class=\"tnp-field tnp-field-button\" style=\"text-align: left\"><input class=\"tnp-submit\" type=\"submit\" value=\"Subskrybuj\" style=\"\">\n<\/div>\n<\/form>\n<\/div>\n\n","protected":false},"excerpt":{"rendered":"","protected":false},"author":1,"featured_media":0,"parent":0,"menu_order":0,"comment_status":"closed","ping_status":"closed","template":"","meta":{"footnotes":""},"class_list":["post-4964","page","type-page","status-publish","hentry"],"yoast_head":"<!-- This site is optimized with the Yoast SEO plugin v26.6 - https:\/\/yoast.com\/wordpress\/plugins\/seo\/ -->\n<title>Newsletter<\/title>\n<meta name=\"robots\" content=\"index, follow, max-snippet:-1, max-image-preview:large, max-video-preview:-1\" \/>\n<link rel=\"canonical\" href=\"https:\/\/www.van2go.travel\/pl\/newsletter\/\" \/>\n<meta property=\"og:locale\" content=\"pl_PL\" \/>\n<meta property=\"og:locale:alternate\" content=\"de_DE\" \/>\n<meta property=\"og:type\" content=\"article\" \/>\n<meta property=\"og:title\" content=\"Newsletter\" \/>\n<meta property=\"og:url\" content=\"https:\/\/www.van2go.travel\/pl\/newsletter\/\" \/>\n<meta property=\"og:site_name\" content=\"Van2Go - Das Microcamping Center in Singen am Bodensee\" \/>\n<meta property=\"article:publisher\" content=\"https:\/\/www.facebook.com\/van2go.travel\" \/>\n<meta property=\"og:image\" content=\"https:\/\/www.van2go.travel\/wp-content\/uploads\/2021\/12\/Van2Go-Original-Logo_Schrift-rechts-gross.png\" \/>\n\t<meta property=\"og:image:width\" content=\"1920\" \/>\n\t<meta property=\"og:image:height\" content=\"685\" \/>\n\t<meta property=\"og:image:type\" content=\"image\/png\" \/>\n<meta name=\"twitter:card\" content=\"summary_large_image\" \/>\n<script type=\"application\/ld+json\" class=\"yoast-schema-graph\">{\"@context\":\"https:\/\/schema.org\",\"@graph\":[{\"@type\":\"WebPage\",\"@id\":\"https:\/\/www.van2go.travel\/newsletter\/\",\"url\":\"https:\/\/www.van2go.travel\/newsletter\/\",\"name\":\"Newsletter\",\"isPartOf\":{\"@id\":\"https:\/\/www.van2go.travel\/#website\"},\"datePublished\":\"2026-03-30T13:54:53+00:00\",\"breadcrumb\":{\"@id\":\"https:\/\/www.van2go.travel\/newsletter\/#breadcrumb\"},\"inLanguage\":\"pl-PL\",\"potentialAction\":[{\"@type\":\"ReadAction\",\"target\":[\"https:\/\/www.van2go.travel\/newsletter\/\"]}]},{\"@type\":\"BreadcrumbList\",\"@id\":\"https:\/\/www.van2go.travel\/newsletter\/#breadcrumb\",\"itemListElement\":[{\"@type\":\"ListItem\",\"position\":1,\"name\":\"Startseite\",\"item\":\"https:\/\/www.van2go.travel\/\"},{\"@type\":\"ListItem\",\"position\":2,\"name\":\"Newsletter\"}]},{\"@type\":\"WebSite\",\"@id\":\"https:\/\/www.van2go.travel\/#website\",\"url\":\"https:\/\/www.van2go.travel\/\",\"name\":\"Van2Go - Das Microcamping Center in Singen am Bodensee\",\"description\":\"Autorisierter H\u00e4ndler des Travelers von squiq, der Nestbox von Ego\u00e9, qeedo Dachzelten, E-Bikes von VanMoof und der Aufbaubatterie Saftkiste. Wir haben die L\u00f6sung, um dein Auto in einen Camper zu verwandeln.\",\"publisher\":{\"@id\":\"https:\/\/www.van2go.travel\/#organization\"},\"potentialAction\":[{\"@type\":\"SearchAction\",\"target\":{\"@type\":\"EntryPoint\",\"urlTemplate\":\"https:\/\/www.van2go.travel\/?s={search_term_string}\"},\"query-input\":{\"@type\":\"PropertyValueSpecification\",\"valueRequired\":true,\"valueName\":\"search_term_string\"}}],\"inLanguage\":\"pl-PL\"},{\"@type\":\"Organization\",\"@id\":\"https:\/\/www.van2go.travel\/#organization\",\"name\":\"Van2Go\",\"url\":\"https:\/\/www.van2go.travel\/\",\"logo\":{\"@type\":\"ImageObject\",\"inLanguage\":\"pl-PL\",\"@id\":\"https:\/\/www.van2go.travel\/#\/schema\/logo\/image\/\",\"url\":\"https:\/\/www.van2go.travel\/wp-content\/uploads\/2021\/12\/Van2Go-Original-Logo_Schrift-rechts-gross.png\",\"contentUrl\":\"https:\/\/www.van2go.travel\/wp-content\/uploads\/2021\/12\/Van2Go-Original-Logo_Schrift-rechts-gross.png\",\"width\":2825,\"height\":1008,\"caption\":\"Van2Go\"},\"image\":{\"@id\":\"https:\/\/www.van2go.travel\/#\/schema\/logo\/image\/\"},\"sameAs\":[\"https:\/\/www.facebook.com\/van2go.travel\"]}]}<\/script>\n<!-- \/ Yoast SEO plugin. -->","yoast_head_json":{"title":"Newsletter","robots":{"index":"index","follow":"follow","max-snippet":"max-snippet:-1","max-image-preview":"max-image-preview:large","max-video-preview":"max-video-preview:-1"},"canonical":"https:\/\/www.van2go.travel\/pl\/newsletter\/","og_locale":"pl_PL","og_type":"article","og_title":"[:de]Newsletter[:] - Van2Go - Das Microcamping Center in Singen am Bodensee","og_url":"https:\/\/www.van2go.travel\/pl\/newsletter\/","og_site_name":"Van2Go - Das Microcamping Center in Singen am Bodensee","article_publisher":"https:\/\/www.facebook.com\/van2go.travel","og_image":[{"width":1920,"height":685,"url":"https:\/\/www.van2go.travel\/wp-content\/uploads\/2021\/12\/Van2Go-Original-Logo_Schrift-rechts-gross.png","type":"image\/png"}],"twitter_card":"summary_large_image","schema":{"@context":"https:\/\/schema.org","@graph":[{"@type":"WebPage","@id":"https:\/\/www.van2go.travel\/newsletter\/","url":"https:\/\/www.van2go.travel\/newsletter\/","name":"Newsletter","isPartOf":{"@id":"https:\/\/www.van2go.travel\/#website"},"datePublished":"2026-03-30T13:54:53+00:00","breadcrumb":{"@id":"https:\/\/www.van2go.travel\/newsletter\/#breadcrumb"},"inLanguage":"pl-PL","potentialAction":[{"@type":"ReadAction","target":["https:\/\/www.van2go.travel\/newsletter\/"]}]},{"@type":"BreadcrumbList","@id":"https:\/\/www.van2go.travel\/newsletter\/#breadcrumb","itemListElement":[{"@type":"ListItem","position":1,"name":"Startseite","item":"https:\/\/www.van2go.travel\/"},{"@type":"ListItem","position":2,"name":"Newsletter"}]},{"@type":"WebSite","@id":"https:\/\/www.van2go.travel\/#website","url":"https:\/\/www.van2go.travel\/","name":"Van2Go - Das Microcamping Center in Singen am Bodensee","description":"Autorisierter H\u00e4ndler des Travelers von squiq, der Nestbox von Ego\u00e9, qeedo Dachzelten, E-Bikes von VanMoof und der Aufbaubatterie Saftkiste. Wir haben die L\u00f6sung, um dein Auto in einen Camper zu verwandeln.","publisher":{"@id":"https:\/\/www.van2go.travel\/#organization"},"potentialAction":[{"@type":"SearchAction","target":{"@type":"EntryPoint","urlTemplate":"https:\/\/www.van2go.travel\/?s={search_term_string}"},"query-input":{"@type":"PropertyValueSpecification","valueRequired":true,"valueName":"search_term_string"}}],"inLanguage":"pl-PL"},{"@type":"Organization","@id":"https:\/\/www.van2go.travel\/#organization","name":"Van2Go","url":"https:\/\/www.van2go.travel\/","logo":{"@type":"ImageObject","inLanguage":"pl-PL","@id":"https:\/\/www.van2go.travel\/#\/schema\/logo\/image\/","url":"https:\/\/www.van2go.travel\/wp-content\/uploads\/2021\/12\/Van2Go-Original-Logo_Schrift-rechts-gross.png","contentUrl":"https:\/\/www.van2go.travel\/wp-content\/uploads\/2021\/12\/Van2Go-Original-Logo_Schrift-rechts-gross.png","width":2825,"height":1008,"caption":"Van2Go"},"image":{"@id":"https:\/\/www.van2go.travel\/#\/schema\/logo\/image\/"},"sameAs":["https:\/\/www.facebook.com\/van2go.travel"]}]}},"_links":{"self":[{"href":"https:\/\/www.van2go.travel\/pl\/wp-json\/wp\/v2\/pages\/4964","targetHints":{"allow":["GET"]}}],"collection":[{"href":"https:\/\/www.van2go.travel\/pl\/wp-json\/wp\/v2\/pages"}],"about":[{"href":"https:\/\/www.van2go.travel\/pl\/wp-json\/wp\/v2\/types\/page"}],"author":[{"embeddable":true,"href":"https:\/\/www.van2go.travel\/pl\/wp-json\/wp\/v2\/users\/1"}],"replies":[{"embeddable":true,"href":"https:\/\/www.van2go.travel\/pl\/wp-json\/wp\/v2\/comments?post=4964"}],"version-history":[{"count":0,"href":"https:\/\/www.van2go.travel\/pl\/wp-json\/wp\/v2\/pages\/4964\/revisions"}],"wp:attachment":[{"href":"https:\/\/www.van2go.travel\/pl\/wp-json\/wp\/v2\/media?parent=4964"}],"curies":[{"name":"wp","href":"https:\/\/api.w.org\/{rel}","templated":true}]}}