{"id":2636,"date":"2022-10-27T18:35:41","date_gmt":"2022-10-27T16:35:41","guid":{"rendered":"https:\/\/www.van2go.travel\/?page_id=2636"},"modified":"2022-10-28T08:42:11","modified_gmt":"2022-10-28T06:42:11","slug":"bibliothek","status":"publish","type":"page","link":"https:\/\/www.van2go.travel\/pl\/service\/bibliothek\/","title":{"rendered":"Bibliothek"},"content":{"rendered":"\t\t<div data-elementor-type=\"wp-page\" data-elementor-id=\"2636\" class=\"elementor elementor-2636\">\n\t\t\t\t\t\t\t\t\t<section class=\"elementor-section elementor-top-section elementor-element elementor-element-e9710b4 elementor-section-boxed elementor-section-height-default elementor-section-height-default wpr-particle-no wpr-jarallax-no wpr-parallax-no wpr-sticky-section-no\" data-id=\"e9710b4\" data-element_type=\"section\">\n\t\t\t\t\t\t<div class=\"elementor-container elementor-column-gap-default\">\n\t\t\t\t\t<div class=\"elementor-column elementor-col-100 elementor-top-column elementor-element elementor-element-11faaa9\" data-id=\"11faaa9\" data-element_type=\"column\">\n\t\t\t<div class=\"elementor-widget-wrap elementor-element-populated\">\n\t\t\t\t\t\t\t\t<div class=\"elementor-element elementor-element-625a2d3 elementor-widget elementor-widget-heading\" data-id=\"625a2d3\" data-element_type=\"widget\" data-widget_type=\"heading.default\">\n\t\t\t\t<div class=\"elementor-widget-container\">\n\t\t\t<h1 class=\"elementor-heading-title elementor-size-xl\"><b>Bibliothek<\/b><\/h1>\t\t<\/div>\n\t\t\t\t<\/div>\n\t\t\t\t\t<\/div>\n\t\t<\/div>\n\t\t\t\t\t\t\t<\/div>\n\t\t<\/section>\n\t\t\t\t<section class=\"elementor-section elementor-top-section elementor-element elementor-element-71da12a elementor-section-boxed elementor-section-height-default elementor-section-height-default wpr-particle-no wpr-jarallax-no wpr-parallax-no wpr-sticky-section-no\" data-id=\"71da12a\" data-element_type=\"section\">\n\t\t\t\t\t\t<div class=\"elementor-container elementor-column-gap-default\">\n\t\t\t\t\t<div class=\"elementor-column elementor-col-100 elementor-top-column elementor-element elementor-element-379bd80\" data-id=\"379bd80\" data-element_type=\"column\">\n\t\t\t<div class=\"elementor-widget-wrap elementor-element-populated\">\n\t\t\t\t\t\t\t\t<section class=\"elementor-section elementor-inner-section elementor-element elementor-element-d7ddd52 elementor-section-boxed elementor-section-height-default elementor-section-height-default wpr-particle-no wpr-jarallax-no wpr-parallax-no wpr-sticky-section-no\" data-id=\"d7ddd52\" data-element_type=\"section\">\n\t\t\t\t\t\t<div class=\"elementor-container elementor-column-gap-default\">\n\t\t\t\t\t<div class=\"elementor-column elementor-col-33 elementor-inner-column elementor-element elementor-element-5142816\" data-id=\"5142816\" data-element_type=\"column\">\n\t\t\t<div class=\"elementor-widget-wrap elementor-element-populated\">\n\t\t\t\t\t\t\t\t<div class=\"elementor-element elementor-element-1efb6d3 elementor-widget elementor-widget-image\" data-id=\"1efb6d3\" data-element_type=\"widget\" data-widget_type=\"image.default\">\n\t\t\t\t<div class=\"elementor-widget-container\">\n\t\t\t\t\t\t\t\t\t\t\t\t\t\t\t<img decoding=\"async\" width=\"1220\" height=\"811\" src=\"https:\/\/www.van2go.travel\/wp-content\/uploads\/2022\/10\/pexels-pixabay-159711-1500x997.jpg\" class=\"attachment-large size-large\" alt=\"Bibliothek\" srcset=\"https:\/\/www.van2go.travel\/wp-content\/uploads\/2022\/10\/pexels-pixabay-159711-1500x997.jpg 1500w, https:\/\/www.van2go.travel\/wp-content\/uploads\/2022\/10\/pexels-pixabay-159711-360x239.jpg 360w, https:\/\/www.van2go.travel\/wp-content\/uploads\/2022\/10\/pexels-pixabay-159711-750x499.jpg 750w, https:\/\/www.van2go.travel\/wp-content\/uploads\/2022\/10\/pexels-pixabay-159711-1536x1021.jpg 1536w, https:\/\/www.van2go.travel\/wp-content\/uploads\/2022\/10\/pexels-pixabay-159711-2048x1362.jpg 2048w, https:\/\/www.van2go.travel\/wp-content\/uploads\/2022\/10\/pexels-pixabay-159711-120x80.jpg 120w, https:\/\/www.van2go.travel\/wp-content\/uploads\/2022\/10\/pexels-pixabay-159711-scaled.jpg 1920w\" sizes=\"(max-width: 1220px) 100vw, 1220px\" \/>\t\t\t\t\t\t\t\t\t\t\t\t\t\t\t<\/div>\n\t\t\t\t<\/div>\n\t\t\t\t\t<\/div>\n\t\t<\/div>\n\t\t\t\t<div class=\"elementor-column elementor-col-66 elementor-inner-column elementor-element elementor-element-3d8ac17\" data-id=\"3d8ac17\" data-element_type=\"column\">\n\t\t\t<div class=\"elementor-widget-wrap elementor-element-populated\">\n\t\t\t\t\t\t\t\t<div class=\"elementor-element elementor-element-8086c87 elementor-widget elementor-widget-text-editor\" data-id=\"8086c87\" data-element_type=\"widget\" data-widget_type=\"text-editor.default\">\n\t\t\t\t<div class=\"elementor-widget-container\">\n\t\t\t\t\t\t\t<p>Du hast bereits von langer Hand eine lange Camping-Reise geplant und nun das: Regen! Der Himmel ist grau und es sch\u00fcttet wie aus Eimern. Den Kindern ist langweilig und das mobile Datenvolumen ist ausgebraucht. Was macht man da in so einer Situation? Wir haben die L\u00f6sung: Bei der Abholung deines Fahrzeugs kannst du dir B\u00fccher und Gesellschaftsspiele aus unserer kleinen Bibliothek ausleihen. So gehen dir und deinen Liebsten niemals die Abenteuer aus.<\/p><p>In unserer kleinen Bibliothek findet ihr eine Auswahl aus:<\/p><ul><li>Romanen<\/li><li>Jugendliteratur<\/li><li>Kinderb\u00fccher<\/li><li>Reiseliteratur<\/li><li>Reise- und Camping-Ratgebern<\/li><li>Gesellschaftsspiele<\/li><\/ul>\t\t\t\t\t\t<\/div>\n\t\t\t\t<\/div>\n\t\t\t\t\t<\/div>\n\t\t<\/div>\n\t\t\t\t\t\t\t<\/div>\n\t\t<\/section>\n\t\t\t\t\t<\/div>\n\t\t<\/div>\n\t\t\t\t\t\t\t<\/div>\n\t\t<\/section>\n\t\t\t\t<section class=\"elementor-section elementor-top-section elementor-element elementor-element-b7e2ae8 elementor-section-boxed elementor-section-height-default elementor-section-height-default wpr-particle-no wpr-jarallax-no wpr-parallax-no wpr-sticky-section-no\" data-id=\"b7e2ae8\" data-element_type=\"section\">\n\t\t\t\t\t\t<div class=\"elementor-container elementor-column-gap-default\">\n\t\t\t\t\t<div class=\"elementor-column elementor-col-100 elementor-top-column elementor-element elementor-element-e4a84de\" data-id=\"e4a84de\" data-element_type=\"column\">\n\t\t\t<div class=\"elementor-widget-wrap elementor-element-populated\">\n\t\t\t\t\t\t\t\t<div class=\"elementor-element elementor-element-b6b6f3c elementor-widget elementor-widget-heading\" data-id=\"b6b6f3c\" data-element_type=\"widget\" data-widget_type=\"heading.default\">\n\t\t\t\t<div class=\"elementor-widget-container\">\n\t\t\t<h2 class=\"elementor-heading-title elementor-size-large\"><b>Wie lange kann ich die Sachen ausleihen?<\/b><\/h2>\t\t<\/div>\n\t\t\t\t<\/div>\n\t\t\t\t\t<\/div>\n\t\t<\/div>\n\t\t\t\t\t\t\t<\/div>\n\t\t<\/section>\n\t\t\t\t<section class=\"elementor-section elementor-top-section elementor-element elementor-element-a304789 elementor-section-boxed elementor-section-height-default elementor-section-height-default wpr-particle-no wpr-jarallax-no wpr-parallax-no wpr-sticky-section-no\" data-id=\"a304789\" data-element_type=\"section\">\n\t\t\t\t\t\t<div class=\"elementor-container elementor-column-gap-default\">\n\t\t\t\t\t<div class=\"elementor-column elementor-col-100 elementor-top-column elementor-element elementor-element-77400b1\" data-id=\"77400b1\" data-element_type=\"column\">\n\t\t\t<div class=\"elementor-widget-wrap elementor-element-populated\">\n\t\t\t\t\t\t\t\t<div class=\"elementor-element elementor-element-22f105e elementor-widget elementor-widget-text-editor\" data-id=\"22f105e\" data-element_type=\"widget\" data-widget_type=\"text-editor.default\">\n\t\t\t\t<div class=\"elementor-widget-container\">\n\t\t\t\t\t\t\t<p>Das Ausleihen der B\u00fccher und Spiele ist zeitlich auf die Dauer deiner Fahrzeugmiete begrenzt. Du musst dir also keine Gedanken um Verzug oder etwas anderes machen. Bring die ausgeliehenen Dinge einfach mit dem Fahrzeug zur\u00fcck.<\/p>\t\t\t\t\t\t<\/div>\n\t\t\t\t<\/div>\n\t\t\t\t\t<\/div>\n\t\t<\/div>\n\t\t\t\t\t\t\t<\/div>\n\t\t<\/section>\n\t\t\t\t<section class=\"elementor-section elementor-top-section elementor-element elementor-element-92648cb elementor-section-boxed elementor-section-height-default elementor-section-height-default wpr-particle-no wpr-jarallax-no wpr-parallax-no wpr-sticky-section-no\" data-id=\"92648cb\" data-element_type=\"section\">\n\t\t\t\t\t\t<div class=\"elementor-container elementor-column-gap-default\">\n\t\t\t\t\t<div class=\"elementor-column elementor-col-100 elementor-top-column elementor-element elementor-element-bcf48d6\" data-id=\"bcf48d6\" data-element_type=\"column\">\n\t\t\t<div class=\"elementor-widget-wrap elementor-element-populated\">\n\t\t\t\t\t\t\t\t<div class=\"elementor-element elementor-element-61e5ce9 elementor-widget elementor-widget-heading\" data-id=\"61e5ce9\" data-element_type=\"widget\" data-widget_type=\"heading.default\">\n\t\t\t\t<div class=\"elementor-widget-container\">\n\t\t\t<h2 class=\"elementor-heading-title elementor-size-large\"><b>Was kostet das Ausleihen?<\/b><\/h2>\t\t<\/div>\n\t\t\t\t<\/div>\n\t\t\t\t\t<\/div>\n\t\t<\/div>\n\t\t\t\t\t\t\t<\/div>\n\t\t<\/section>\n\t\t\t\t<section class=\"elementor-section elementor-top-section elementor-element elementor-element-06e91cd elementor-section-boxed elementor-section-height-default elementor-section-height-default wpr-particle-no wpr-jarallax-no wpr-parallax-no wpr-sticky-section-no\" data-id=\"06e91cd\" data-element_type=\"section\">\n\t\t\t\t\t\t<div class=\"elementor-container elementor-column-gap-default\">\n\t\t\t\t\t<div class=\"elementor-column elementor-col-100 elementor-top-column elementor-element elementor-element-9e1c592\" data-id=\"9e1c592\" data-element_type=\"column\">\n\t\t\t<div class=\"elementor-widget-wrap elementor-element-populated\">\n\t\t\t\t\t\t\t\t<div class=\"elementor-element elementor-element-9edece0 elementor-widget elementor-widget-text-editor\" data-id=\"9edece0\" data-element_type=\"widget\" data-widget_type=\"text-editor.default\">\n\t\t\t\t<div class=\"elementor-widget-container\">\n\t\t\t\t\t\t\t<p>Nichts! Dieser Service ist f\u00fcr dich komplett kostenlos. Unser gr\u00f6\u00dfter Lohn ist es, wenn du nach deiner R\u00fcckkehr begeistert von deinen Abenteuern erz\u00e4hlst.<\/p>\t\t\t\t\t\t<\/div>\n\t\t\t\t<\/div>\n\t\t\t\t\t<\/div>\n\t\t<\/div>\n\t\t\t\t\t\t\t<\/div>\n\t\t<\/section>\n\t\t\t\t\t\t\t<\/div>\n\t\t","protected":false},"excerpt":{"rendered":"<p>Bibliothek Du hast bereits von langer Hand eine lange Camping-Reise geplant und nun das: Regen!&hellip;<\/p>\n","protected":false},"author":1,"featured_media":2637,"parent":2594,"menu_order":0,"comment_status":"closed","ping_status":"closed","template":"elementor_header_footer","meta":{"footnotes":""},"class_list":["post-2636","page","type-page","status-publish","has-post-thumbnail","hentry"],"yoast_head":"<!-- This site is optimized with the Yoast SEO plugin v26.6 - https:\/\/yoast.com\/wordpress\/plugins\/seo\/ -->\n<title>Bibliothek<\/title>\n<meta name=\"description\" content=\"Damit unterwegs niemals Langeweile aufkommt, bieten wir dir kostenlos eine kleine Auswahl an Literatur f\u00fcr deine Camping Reise an\" \/>\n<meta name=\"robots\" content=\"index, follow, max-snippet:-1, max-image-preview:large, max-video-preview:-1\" \/>\n<link rel=\"canonical\" href=\"https:\/\/www.van2go.travel\/pl\/service\/bibliothek\/\" \/>\n<meta property=\"og:locale\" content=\"pl_PL\" \/>\n<meta property=\"og:locale:alternate\" content=\"de_DE\" \/>\n<meta property=\"og:type\" content=\"article\" \/>\n<meta property=\"og:title\" content=\"Bibliothek\" \/>\n<meta property=\"og:description\" content=\"Damit unterwegs niemals Langeweile aufkommt, bieten wir dir kostenlos eine kleine Auswahl an Literatur f\u00fcr deine Camping Reise an\" \/>\n<meta property=\"og:url\" content=\"https:\/\/www.van2go.travel\/pl\/service\/bibliothek\/\" \/>\n<meta property=\"og:site_name\" content=\"Van2Go - Das Microcamping Center in Singen am Bodensee\" \/>\n<meta property=\"article:publisher\" content=\"https:\/\/www.facebook.com\/van2go.travel\" \/>\n<meta property=\"article:modified_time\" content=\"2022-10-28T06:42:11+00:00\" \/>\n<meta property=\"og:image\" content=\"https:\/\/www.van2go.travel\/wp-content\/uploads\/2022\/10\/pexels-pixabay-159711-scaled.jpg\" \/>\n\t<meta property=\"og:image:width\" content=\"2560\" \/>\n\t<meta property=\"og:image:height\" content=\"1702\" \/>\n\t<meta property=\"og:image:type\" content=\"image\/jpeg\" \/>\n<meta name=\"twitter:card\" content=\"summary_large_image\" \/>\n<meta name=\"twitter:label1\" content=\"Szacowany czas czytania\" \/>\n\t<meta name=\"twitter:data1\" content=\"2 minuty\" \/>\n<script type=\"application\/ld+json\" class=\"yoast-schema-graph\">{\"@context\":\"https:\/\/schema.org\",\"@graph\":[{\"@type\":\"WebPage\",\"@id\":\"https:\/\/www.van2go.travel\/service\/bibliothek\/\",\"url\":\"https:\/\/www.van2go.travel\/service\/bibliothek\/\",\"name\":\"Bibliothek\",\"isPartOf\":{\"@id\":\"https:\/\/www.van2go.travel\/#website\"},\"primaryImageOfPage\":{\"@id\":\"https:\/\/www.van2go.travel\/service\/bibliothek\/#primaryimage\"},\"image\":{\"@id\":\"https:\/\/www.van2go.travel\/service\/bibliothek\/#primaryimage\"},\"thumbnailUrl\":\"https:\/\/www.van2go.travel\/wp-content\/uploads\/2022\/10\/pexels-pixabay-159711-scaled.jpg\",\"datePublished\":\"2022-10-27T16:35:41+00:00\",\"dateModified\":\"2022-10-28T06:42:11+00:00\",\"description\":\"Damit unterwegs niemals Langeweile aufkommt, bieten wir dir kostenlos eine kleine Auswahl an Literatur f\u00fcr deine Camping Reise an\",\"breadcrumb\":{\"@id\":\"https:\/\/www.van2go.travel\/service\/bibliothek\/#breadcrumb\"},\"inLanguage\":\"pl-PL\",\"potentialAction\":[{\"@type\":\"ReadAction\",\"target\":[\"https:\/\/www.van2go.travel\/service\/bibliothek\/\"]}]},{\"@type\":\"ImageObject\",\"inLanguage\":\"pl-PL\",\"@id\":\"https:\/\/www.van2go.travel\/service\/bibliothek\/#primaryimage\",\"url\":\"https:\/\/www.van2go.travel\/wp-content\/uploads\/2022\/10\/pexels-pixabay-159711-scaled.jpg\",\"contentUrl\":\"https:\/\/www.van2go.travel\/wp-content\/uploads\/2022\/10\/pexels-pixabay-159711-scaled.jpg\",\"width\":1920,\"height\":1277,\"caption\":\"Bibliothek\"},{\"@type\":\"BreadcrumbList\",\"@id\":\"https:\/\/www.van2go.travel\/service\/bibliothek\/#breadcrumb\",\"itemListElement\":[{\"@type\":\"ListItem\",\"position\":1,\"name\":\"Startseite\",\"item\":\"https:\/\/www.van2go.travel\/\"},{\"@type\":\"ListItem\",\"position\":2,\"name\":\"Service\",\"item\":\"https:\/\/www.van2go.travel\/service\/\"},{\"@type\":\"ListItem\",\"position\":3,\"name\":\"Bibliothek\"}]},{\"@type\":\"WebSite\",\"@id\":\"https:\/\/www.van2go.travel\/#website\",\"url\":\"https:\/\/www.van2go.travel\/\",\"name\":\"Van2Go - Das Microcamping Center in Singen am Bodensee\",\"description\":\"Autorisierter H\u00e4ndler des Travelers von squiq, der Nestbox von Ego\u00e9, qeedo Dachzelten, E-Bikes von VanMoof und der Aufbaubatterie Saftkiste. Wir haben die L\u00f6sung, um dein Auto in einen Camper zu verwandeln.\",\"publisher\":{\"@id\":\"https:\/\/www.van2go.travel\/#organization\"},\"potentialAction\":[{\"@type\":\"SearchAction\",\"target\":{\"@type\":\"EntryPoint\",\"urlTemplate\":\"https:\/\/www.van2go.travel\/?s={search_term_string}\"},\"query-input\":{\"@type\":\"PropertyValueSpecification\",\"valueRequired\":true,\"valueName\":\"search_term_string\"}}],\"inLanguage\":\"pl-PL\"},{\"@type\":\"Organization\",\"@id\":\"https:\/\/www.van2go.travel\/#organization\",\"name\":\"Van2Go\",\"url\":\"https:\/\/www.van2go.travel\/\",\"logo\":{\"@type\":\"ImageObject\",\"inLanguage\":\"pl-PL\",\"@id\":\"https:\/\/www.van2go.travel\/#\/schema\/logo\/image\/\",\"url\":\"https:\/\/www.van2go.travel\/wp-content\/uploads\/2021\/12\/Van2Go-Original-Logo_Schrift-rechts-gross.png\",\"contentUrl\":\"https:\/\/www.van2go.travel\/wp-content\/uploads\/2021\/12\/Van2Go-Original-Logo_Schrift-rechts-gross.png\",\"width\":2825,\"height\":1008,\"caption\":\"Van2Go\"},\"image\":{\"@id\":\"https:\/\/www.van2go.travel\/#\/schema\/logo\/image\/\"},\"sameAs\":[\"https:\/\/www.facebook.com\/van2go.travel\"]}]}<\/script>\n<!-- \/ Yoast SEO plugin. -->","yoast_head_json":{"title":"Bibliothek","description":"Damit unterwegs niemals Langeweile aufkommt, bieten wir dir kostenlos eine kleine Auswahl an Literatur f\u00fcr deine Camping Reise an","robots":{"index":"index","follow":"follow","max-snippet":"max-snippet:-1","max-image-preview":"max-image-preview:large","max-video-preview":"max-video-preview:-1"},"canonical":"https:\/\/www.van2go.travel\/pl\/service\/bibliothek\/","og_locale":"pl_PL","og_type":"article","og_title":"[:de]Bibliothek[:] - Van2Go - Das Microcamping Center in Singen am Bodensee","og_description":"Damit unterwegs niemals Langeweile aufkommt, bieten wir dir kostenlos eine kleine Auswahl an Literatur f\u00fcr deine Camping Reise an","og_url":"https:\/\/www.van2go.travel\/pl\/service\/bibliothek\/","og_site_name":"Van2Go - Das Microcamping Center in Singen am Bodensee","article_publisher":"https:\/\/www.facebook.com\/van2go.travel","article_modified_time":"2022-10-28T06:42:11+00:00","og_image":[{"width":2560,"height":1702,"url":"https:\/\/www.van2go.travel\/wp-content\/uploads\/2022\/10\/pexels-pixabay-159711-scaled.jpg","type":"image\/jpeg"}],"twitter_card":"summary_large_image","twitter_misc":{"Szacowany czas czytania":"2 minuty"},"schema":{"@context":"https:\/\/schema.org","@graph":[{"@type":"WebPage","@id":"https:\/\/www.van2go.travel\/service\/bibliothek\/","url":"https:\/\/www.van2go.travel\/service\/bibliothek\/","name":"Bibliothek","isPartOf":{"@id":"https:\/\/www.van2go.travel\/#website"},"primaryImageOfPage":{"@id":"https:\/\/www.van2go.travel\/service\/bibliothek\/#primaryimage"},"image":{"@id":"https:\/\/www.van2go.travel\/service\/bibliothek\/#primaryimage"},"thumbnailUrl":"https:\/\/www.van2go.travel\/wp-content\/uploads\/2022\/10\/pexels-pixabay-159711-scaled.jpg","datePublished":"2022-10-27T16:35:41+00:00","dateModified":"2022-10-28T06:42:11+00:00","description":"Damit unterwegs niemals Langeweile aufkommt, bieten wir dir kostenlos eine kleine Auswahl an Literatur f\u00fcr deine Camping Reise an","breadcrumb":{"@id":"https:\/\/www.van2go.travel\/service\/bibliothek\/#breadcrumb"},"inLanguage":"pl-PL","potentialAction":[{"@type":"ReadAction","target":["https:\/\/www.van2go.travel\/service\/bibliothek\/"]}]},{"@type":"ImageObject","inLanguage":"pl-PL","@id":"https:\/\/www.van2go.travel\/service\/bibliothek\/#primaryimage","url":"https:\/\/www.van2go.travel\/wp-content\/uploads\/2022\/10\/pexels-pixabay-159711-scaled.jpg","contentUrl":"https:\/\/www.van2go.travel\/wp-content\/uploads\/2022\/10\/pexels-pixabay-159711-scaled.jpg","width":1920,"height":1277,"caption":"Bibliothek"},{"@type":"BreadcrumbList","@id":"https:\/\/www.van2go.travel\/service\/bibliothek\/#breadcrumb","itemListElement":[{"@type":"ListItem","position":1,"name":"Startseite","item":"https:\/\/www.van2go.travel\/"},{"@type":"ListItem","position":2,"name":"Service","item":"https:\/\/www.van2go.travel\/service\/"},{"@type":"ListItem","position":3,"name":"Bibliothek"}]},{"@type":"WebSite","@id":"https:\/\/www.van2go.travel\/#website","url":"https:\/\/www.van2go.travel\/","name":"Van2Go - Das Microcamping Center in Singen am Bodensee","description":"Autorisierter H\u00e4ndler des Travelers von squiq, der Nestbox von Ego\u00e9, qeedo Dachzelten, E-Bikes von VanMoof und der Aufbaubatterie Saftkiste. Wir haben die L\u00f6sung, um dein Auto in einen Camper zu verwandeln.","publisher":{"@id":"https:\/\/www.van2go.travel\/#organization"},"potentialAction":[{"@type":"SearchAction","target":{"@type":"EntryPoint","urlTemplate":"https:\/\/www.van2go.travel\/?s={search_term_string}"},"query-input":{"@type":"PropertyValueSpecification","valueRequired":true,"valueName":"search_term_string"}}],"inLanguage":"pl-PL"},{"@type":"Organization","@id":"https:\/\/www.van2go.travel\/#organization","name":"Van2Go","url":"https:\/\/www.van2go.travel\/","logo":{"@type":"ImageObject","inLanguage":"pl-PL","@id":"https:\/\/www.van2go.travel\/#\/schema\/logo\/image\/","url":"https:\/\/www.van2go.travel\/wp-content\/uploads\/2021\/12\/Van2Go-Original-Logo_Schrift-rechts-gross.png","contentUrl":"https:\/\/www.van2go.travel\/wp-content\/uploads\/2021\/12\/Van2Go-Original-Logo_Schrift-rechts-gross.png","width":2825,"height":1008,"caption":"Van2Go"},"image":{"@id":"https:\/\/www.van2go.travel\/#\/schema\/logo\/image\/"},"sameAs":["https:\/\/www.facebook.com\/van2go.travel"]}]}},"_links":{"self":[{"href":"https:\/\/www.van2go.travel\/pl\/wp-json\/wp\/v2\/pages\/2636","targetHints":{"allow":["GET"]}}],"collection":[{"href":"https:\/\/www.van2go.travel\/pl\/wp-json\/wp\/v2\/pages"}],"about":[{"href":"https:\/\/www.van2go.travel\/pl\/wp-json\/wp\/v2\/types\/page"}],"author":[{"embeddable":true,"href":"https:\/\/www.van2go.travel\/pl\/wp-json\/wp\/v2\/users\/1"}],"replies":[{"embeddable":true,"href":"https:\/\/www.van2go.travel\/pl\/wp-json\/wp\/v2\/comments?post=2636"}],"version-history":[{"count":7,"href":"https:\/\/www.van2go.travel\/pl\/wp-json\/wp\/v2\/pages\/2636\/revisions"}],"predecessor-version":[{"id":2645,"href":"https:\/\/www.van2go.travel\/pl\/wp-json\/wp\/v2\/pages\/2636\/revisions\/2645"}],"up":[{"embeddable":true,"href":"https:\/\/www.van2go.travel\/pl\/wp-json\/wp\/v2\/pages\/2594"}],"wp:featuredmedia":[{"embeddable":true,"href":"https:\/\/www.van2go.travel\/pl\/wp-json\/wp\/v2\/media\/2637"}],"wp:attachment":[{"href":"https:\/\/www.van2go.travel\/pl\/wp-json\/wp\/v2\/media?parent=2636"}],"curies":[{"name":"wp","href":"https:\/\/api.w.org\/{rel}","templated":true}]}}