{"id":2614,"date":"2022-10-27T13:24:40","date_gmt":"2022-10-27T11:24:40","guid":{"rendered":"https:\/\/www.van2go.travel\/?page_id=2614"},"modified":"2022-10-28T10:48:34","modified_gmt":"2022-10-28T08:48:34","slug":"gaspruefung-und-umbau-von-gasanlagen","status":"publish","type":"page","link":"https:\/\/www.van2go.travel\/pl\/service\/gaspruefung-und-umbau-von-gasanlagen\/","title":{"rendered":"Gaspr\u00fcfung und Umbau von Gasanlagen"},"content":{"rendered":"\t\t<div data-elementor-type=\"wp-page\" data-elementor-id=\"2614\" class=\"elementor elementor-2614\">\n\t\t\t\t\t\t\t\t\t<section class=\"elementor-section elementor-top-section elementor-element elementor-element-e9710b4 elementor-section-boxed elementor-section-height-default elementor-section-height-default wpr-particle-no wpr-jarallax-no wpr-parallax-no wpr-sticky-section-no\" data-id=\"e9710b4\" data-element_type=\"section\">\n\t\t\t\t\t\t<div class=\"elementor-container elementor-column-gap-default\">\n\t\t\t\t\t<div class=\"elementor-column elementor-col-100 elementor-top-column elementor-element elementor-element-11faaa9\" data-id=\"11faaa9\" data-element_type=\"column\">\n\t\t\t<div class=\"elementor-widget-wrap elementor-element-populated\">\n\t\t\t\t\t\t\t\t<div class=\"elementor-element elementor-element-625a2d3 elementor-widget elementor-widget-heading\" data-id=\"625a2d3\" data-element_type=\"widget\" data-widget_type=\"heading.default\">\n\t\t\t\t<div class=\"elementor-widget-container\">\n\t\t\t<h1 class=\"elementor-heading-title elementor-size-xl\"><b>Gaspr\u00fcfung nach G607 und Umbau von Gasanlagen<\/b><\/h1>\t\t<\/div>\n\t\t\t\t<\/div>\n\t\t\t\t\t<\/div>\n\t\t<\/div>\n\t\t\t\t\t\t\t<\/div>\n\t\t<\/section>\n\t\t\t\t<section class=\"elementor-section elementor-top-section elementor-element elementor-element-71da12a elementor-section-boxed elementor-section-height-default elementor-section-height-default wpr-particle-no wpr-jarallax-no wpr-parallax-no wpr-sticky-section-no\" data-id=\"71da12a\" data-element_type=\"section\">\n\t\t\t\t\t\t<div class=\"elementor-container elementor-column-gap-default\">\n\t\t\t\t\t<div class=\"elementor-column elementor-col-100 elementor-top-column elementor-element elementor-element-379bd80\" data-id=\"379bd80\" data-element_type=\"column\">\n\t\t\t<div class=\"elementor-widget-wrap elementor-element-populated\">\n\t\t\t\t\t\t\t\t<section class=\"elementor-section elementor-inner-section elementor-element elementor-element-d7ddd52 elementor-section-boxed elementor-section-height-default elementor-section-height-default wpr-particle-no wpr-jarallax-no wpr-parallax-no wpr-sticky-section-no\" data-id=\"d7ddd52\" data-element_type=\"section\">\n\t\t\t\t\t\t<div class=\"elementor-container elementor-column-gap-default\">\n\t\t\t\t\t<div class=\"elementor-column elementor-col-33 elementor-inner-column elementor-element elementor-element-5142816\" data-id=\"5142816\" data-element_type=\"column\">\n\t\t\t<div class=\"elementor-widget-wrap elementor-element-populated\">\n\t\t\t\t\t\t\t\t<div class=\"elementor-element elementor-element-1efb6d3 elementor-widget elementor-widget-image\" data-id=\"1efb6d3\" data-element_type=\"widget\" data-widget_type=\"image.default\">\n\t\t\t\t<div class=\"elementor-widget-container\">\n\t\t\t\t\t\t\t\t\t\t\t\t\t\t\t<img decoding=\"async\" width=\"1220\" height=\"813\" src=\"https:\/\/www.van2go.travel\/wp-content\/uploads\/2022\/10\/pexels-magda-ehlers-3722212-1500x1000.jpg\" class=\"attachment-large size-large\" alt=\"Gaspr\u00fcfung\" srcset=\"https:\/\/www.van2go.travel\/wp-content\/uploads\/2022\/10\/pexels-magda-ehlers-3722212-1500x1000.jpg 1500w, https:\/\/www.van2go.travel\/wp-content\/uploads\/2022\/10\/pexels-magda-ehlers-3722212-360x240.jpg 360w, https:\/\/www.van2go.travel\/wp-content\/uploads\/2022\/10\/pexels-magda-ehlers-3722212-750x500.jpg 750w, https:\/\/www.van2go.travel\/wp-content\/uploads\/2022\/10\/pexels-magda-ehlers-3722212-1536x1024.jpg 1536w, https:\/\/www.van2go.travel\/wp-content\/uploads\/2022\/10\/pexels-magda-ehlers-3722212-2048x1365.jpg 2048w, https:\/\/www.van2go.travel\/wp-content\/uploads\/2022\/10\/pexels-magda-ehlers-3722212-120x80.jpg 120w, https:\/\/www.van2go.travel\/wp-content\/uploads\/2022\/10\/pexels-magda-ehlers-3722212-scaled.jpg 1920w\" sizes=\"(max-width: 1220px) 100vw, 1220px\" \/>\t\t\t\t\t\t\t\t\t\t\t\t\t\t\t<\/div>\n\t\t\t\t<\/div>\n\t\t\t\t\t<\/div>\n\t\t<\/div>\n\t\t\t\t<div class=\"elementor-column elementor-col-66 elementor-inner-column elementor-element elementor-element-3d8ac17\" data-id=\"3d8ac17\" data-element_type=\"column\">\n\t\t\t<div class=\"elementor-widget-wrap elementor-element-populated\">\n\t\t\t\t\t\t\t\t<div class=\"elementor-element elementor-element-8086c87 elementor-widget elementor-widget-text-editor\" data-id=\"8086c87\" data-element_type=\"widget\" data-widget_type=\"text-editor.default\">\n\t\t\t\t<div class=\"elementor-widget-container\">\n\t\t\t\t\t\t\t<p>In deinem Wohnwagen oder Wohnmobil befindet sich eine Gasanlage. Diese Gasanlage umfasst nicht nur die Propan-Gasflaschen, sondern auch die daran angeschlossenen Leitungen und Ger\u00e4te, wie beispielsweise Gasleitungen, den Gask\u00fchlschrank, die Gasheizung oder die Gasbrenner in der K\u00fcche.<\/p><p>Propangas ist ein leicht entflammbarer Stoff. Aus diesem Grund ist es sehr wichtig, deine Gasanlage regelm\u00e4\u00dfig \u00fcberpr\u00fcfen zu lassen.<\/p><p>Unser <b>zertifizierter Fachmann f\u00fcr Fl\u00fcssiggasanlagen<\/b> pr\u00fcft mit modernsten Mitteln die Gasanlage nach dem Arbeitspapier G607 des DVGW (Deutscher Verein des Gas- und Wasserfaches e.V.) in deinem Reisefahrzeug unter anderem auf die folgenden Punkte:<\/p><ul><li>Dichtigkeit des gesamten Gassystems<\/li><li>Befestigung der Tanks und\/oder Gasflaschen<\/li><li>L\u00fcftungs\u00f6ffnungen und Abgasrohre<\/li><li>Dichtungen und Ventile<\/li><li>Funktionsf\u00e4higkeit der eingebauten Gasger\u00e4te<\/li><\/ul>\t\t\t\t\t\t<\/div>\n\t\t\t\t<\/div>\n\t\t\t\t\t<\/div>\n\t\t<\/div>\n\t\t\t\t\t\t\t<\/div>\n\t\t<\/section>\n\t\t\t\t\t<\/div>\n\t\t<\/div>\n\t\t\t\t\t\t\t<\/div>\n\t\t<\/section>\n\t\t\t\t<section class=\"elementor-section elementor-top-section elementor-element elementor-element-b7e2ae8 elementor-section-boxed elementor-section-height-default elementor-section-height-default wpr-particle-no wpr-jarallax-no wpr-parallax-no wpr-sticky-section-no\" data-id=\"b7e2ae8\" data-element_type=\"section\">\n\t\t\t\t\t\t<div class=\"elementor-container elementor-column-gap-default\">\n\t\t\t\t\t<div class=\"elementor-column elementor-col-100 elementor-top-column elementor-element elementor-element-e4a84de\" data-id=\"e4a84de\" data-element_type=\"column\">\n\t\t\t<div class=\"elementor-widget-wrap elementor-element-populated\">\n\t\t\t\t\t\t\t\t<div class=\"elementor-element elementor-element-b6b6f3c elementor-widget elementor-widget-heading\" data-id=\"b6b6f3c\" data-element_type=\"widget\" data-widget_type=\"heading.default\">\n\t\t\t\t<div class=\"elementor-widget-container\">\n\t\t\t<h2 class=\"elementor-heading-title elementor-size-large\"><b>Wann muss meine Gasanlage gepr\u00fcft werden?<\/b><\/h2>\t\t<\/div>\n\t\t\t\t<\/div>\n\t\t\t\t\t<\/div>\n\t\t<\/div>\n\t\t\t\t\t\t\t<\/div>\n\t\t<\/section>\n\t\t\t\t<section class=\"elementor-section elementor-top-section elementor-element elementor-element-a304789 elementor-section-boxed elementor-section-height-default elementor-section-height-default wpr-particle-no wpr-jarallax-no wpr-parallax-no wpr-sticky-section-no\" data-id=\"a304789\" data-element_type=\"section\">\n\t\t\t\t\t\t<div class=\"elementor-container elementor-column-gap-default\">\n\t\t\t\t\t<div class=\"elementor-column elementor-col-100 elementor-top-column elementor-element elementor-element-77400b1\" data-id=\"77400b1\" data-element_type=\"column\">\n\t\t\t<div class=\"elementor-widget-wrap elementor-element-populated\">\n\t\t\t\t\t\t\t\t<div class=\"elementor-element elementor-element-22f105e elementor-widget elementor-widget-text-editor\" data-id=\"22f105e\" data-element_type=\"widget\" data-widget_type=\"text-editor.default\">\n\t\t\t\t<div class=\"elementor-widget-container\">\n\t\t\t\t\t\t\t<p>Die Pr\u00fcfung der Gasanlage nach G607 in deinem Wohnmobil oder Wohnwagen ist erforderlich, wenn einer der folgenden Punkte zutreffend ist:<\/p><ul><li>Die letzte Gaspr\u00fcfung ist l\u00e4nger als 2 Jahre her<\/li><li>Es wurde ein neues Teil \/ Ger\u00e4t eingebaut, das an das Gasnetz des Fahrzeugs angeschlossen ist<\/li><li>Das Ablaufdatum eines der verbauten Gegenst\u00e4nde (Schl\u00e4uche, Filter, Druckminderer) der Gasanlage hat die maximale Lebensdauer von 10 Jahren \u00fcberschritten<\/li><\/ul>\t\t\t\t\t\t<\/div>\n\t\t\t\t<\/div>\n\t\t\t\t\t<\/div>\n\t\t<\/div>\n\t\t\t\t\t\t\t<\/div>\n\t\t<\/section>\n\t\t\t\t<section class=\"elementor-section elementor-top-section elementor-element elementor-element-92648cb elementor-section-boxed elementor-section-height-default elementor-section-height-default wpr-particle-no wpr-jarallax-no wpr-parallax-no wpr-sticky-section-no\" data-id=\"92648cb\" data-element_type=\"section\">\n\t\t\t\t\t\t<div class=\"elementor-container elementor-column-gap-default\">\n\t\t\t\t\t<div class=\"elementor-column elementor-col-100 elementor-top-column elementor-element elementor-element-bcf48d6\" data-id=\"bcf48d6\" data-element_type=\"column\">\n\t\t\t<div class=\"elementor-widget-wrap elementor-element-populated\">\n\t\t\t\t\t\t\t\t<div class=\"elementor-element elementor-element-61e5ce9 elementor-widget elementor-widget-heading\" data-id=\"61e5ce9\" data-element_type=\"widget\" data-widget_type=\"heading.default\">\n\t\t\t\t<div class=\"elementor-widget-container\">\n\t\t\t<h2 class=\"elementor-heading-title elementor-size-large\"><b>Umbau der bestehenden Gasanlage<\/b><\/h2>\t\t<\/div>\n\t\t\t\t<\/div>\n\t\t\t\t\t<\/div>\n\t\t<\/div>\n\t\t\t\t\t\t\t<\/div>\n\t\t<\/section>\n\t\t\t\t<section class=\"elementor-section elementor-top-section elementor-element elementor-element-06e91cd elementor-section-boxed elementor-section-height-default elementor-section-height-default wpr-particle-no wpr-jarallax-no wpr-parallax-no wpr-sticky-section-no\" data-id=\"06e91cd\" data-element_type=\"section\">\n\t\t\t\t\t\t<div class=\"elementor-container elementor-column-gap-default\">\n\t\t\t\t\t<div class=\"elementor-column elementor-col-100 elementor-top-column elementor-element elementor-element-9e1c592\" data-id=\"9e1c592\" data-element_type=\"column\">\n\t\t\t<div class=\"elementor-widget-wrap elementor-element-populated\">\n\t\t\t\t\t\t\t\t<div class=\"elementor-element elementor-element-9edece0 elementor-widget elementor-widget-text-editor\" data-id=\"9edece0\" data-element_type=\"widget\" data-widget_type=\"text-editor.default\">\n\t\t\t\t<div class=\"elementor-widget-container\">\n\t\t\t\t\t\t\t<p>Du m\u00f6chtest die Gasanlage in einem Reisemobil erweitern oder planst eine \u00c4nderung? Kein Problem, unser <b>zertifizierter Fachmann f\u00fcr Fl\u00fcssiggasanlagen<\/b> f\u00fchrt den gew\u00fcnschten Umbau durch. Der Umbau findet zu einem vorher vereinbarten Fixpreis statt, so dass du keine negativen \u00dcberraschungen f\u00fcrchten musst.<\/p>\t\t\t\t\t\t<\/div>\n\t\t\t\t<\/div>\n\t\t\t\t\t<\/div>\n\t\t<\/div>\n\t\t\t\t\t\t\t<\/div>\n\t\t<\/section>\n\t\t\t\t<section class=\"elementor-section elementor-top-section elementor-element elementor-element-15aa735 elementor-section-boxed elementor-section-height-default elementor-section-height-default wpr-particle-no wpr-jarallax-no wpr-parallax-no wpr-sticky-section-no\" data-id=\"15aa735\" data-element_type=\"section\">\n\t\t\t\t\t\t<div class=\"elementor-container elementor-column-gap-default\">\n\t\t\t\t\t<div class=\"elementor-column elementor-col-100 elementor-top-column elementor-element elementor-element-43465c9\" data-id=\"43465c9\" data-element_type=\"column\">\n\t\t\t<div class=\"elementor-widget-wrap elementor-element-populated\">\n\t\t\t\t\t\t\t\t<div class=\"elementor-element elementor-element-aca817f elementor-widget elementor-widget-heading\" data-id=\"aca817f\" data-element_type=\"widget\" data-widget_type=\"heading.default\">\n\t\t\t\t<div class=\"elementor-widget-container\">\n\t\t\t<h2 class=\"elementor-heading-title elementor-size-large\"><b>Kontakt<\/b><\/h2>\t\t<\/div>\n\t\t\t\t<\/div>\n\t\t\t\t\t<\/div>\n\t\t<\/div>\n\t\t\t\t\t\t\t<\/div>\n\t\t<\/section>\n\t\t\t\t<section class=\"elementor-section elementor-top-section elementor-element elementor-element-d259f35 elementor-section-boxed elementor-section-height-default elementor-section-height-default wpr-particle-no wpr-jarallax-no wpr-parallax-no wpr-sticky-section-no\" data-id=\"d259f35\" data-element_type=\"section\">\n\t\t\t\t\t\t<div class=\"elementor-container elementor-column-gap-default\">\n\t\t\t\t\t<div class=\"elementor-column elementor-col-100 elementor-top-column elementor-element elementor-element-2156f0e\" data-id=\"2156f0e\" data-element_type=\"column\">\n\t\t\t<div class=\"elementor-widget-wrap elementor-element-populated\">\n\t\t\t\t\t\t\t\t<div class=\"elementor-element elementor-element-202bd1a elementor-widget elementor-widget-text-editor\" data-id=\"202bd1a\" data-element_type=\"widget\" data-widget_type=\"text-editor.default\">\n\t\t\t\t<div class=\"elementor-widget-container\">\n\t\t\t\t\t\t\t<p>Hast du noch weitere Fragen oder haben wir dich \u00fcberzeugt? Dann kontaktiere uns oder mache einen Termin aus:<\/p><ul><li><b>Telefonnummer: +49 7731 922 20 71<\/b><\/li><li><a href=\"https:\/\/www.van2go.travel\/kontakt\/\"><b>Kontaktformular<\/b><\/a><\/li><\/ul>\t\t\t\t\t\t<\/div>\n\t\t\t\t<\/div>\n\t\t\t\t\t<\/div>\n\t\t<\/div>\n\t\t\t\t\t\t\t<\/div>\n\t\t<\/section>\n\t\t\t\t\t\t\t<\/div>\n\t\t","protected":false},"excerpt":{"rendered":"<p>Gaspr\u00fcfung nach G607 und Umbau von Gasanlagen In deinem Wohnwagen oder Wohnmobil befindet sich eine&hellip;<\/p>\n","protected":false},"author":1,"featured_media":2616,"parent":2594,"menu_order":0,"comment_status":"closed","ping_status":"closed","template":"elementor_header_footer","meta":{"footnotes":""},"class_list":["post-2614","page","type-page","status-publish","has-post-thumbnail","hentry"],"yoast_head":"<!-- This site is optimized with the Yoast SEO plugin v26.6 - https:\/\/yoast.com\/wordpress\/plugins\/seo\/ -->\n<title>Gaspr\u00fcfung und Umbau von Gasanlagen<\/title>\n<meta name=\"description\" content=\"Die regelm\u00e4\u00dfige Gaspr\u00fcfung ist wichtig, damit die Gasanlage deines Camping-Fahrzeugs stets sicher betrieben werden kann\" \/>\n<meta name=\"robots\" content=\"index, follow, max-snippet:-1, max-image-preview:large, max-video-preview:-1\" \/>\n<link rel=\"canonical\" href=\"https:\/\/www.van2go.travel\/pl\/service\/gaspruefung-und-umbau-von-gasanlagen\/\" \/>\n<meta property=\"og:locale\" content=\"pl_PL\" \/>\n<meta property=\"og:locale:alternate\" content=\"de_DE\" \/>\n<meta property=\"og:type\" content=\"article\" \/>\n<meta property=\"og:title\" content=\"Gaspr\u00fcfung und Umbau von Gasanlagen\" \/>\n<meta property=\"og:description\" content=\"Die regelm\u00e4\u00dfige Gaspr\u00fcfung ist wichtig, damit die Gasanlage deines Camping-Fahrzeugs stets sicher betrieben werden kann\" \/>\n<meta property=\"og:url\" content=\"https:\/\/www.van2go.travel\/pl\/service\/gaspruefung-und-umbau-von-gasanlagen\/\" \/>\n<meta property=\"og:site_name\" content=\"Van2Go\" \/>\n<meta property=\"article:publisher\" content=\"https:\/\/www.facebook.com\/van2go.travel\" \/>\n<meta property=\"article:modified_time\" content=\"2022-10-28T08:48:34+00:00\" \/>\n<meta property=\"og:image\" content=\"https:\/\/www.van2go.travel\/wp-content\/uploads\/2022\/10\/pexels-magda-ehlers-3722212-scaled.jpg\" \/>\n\t<meta property=\"og:image:width\" content=\"2560\" \/>\n\t<meta property=\"og:image:height\" content=\"1707\" \/>\n\t<meta property=\"og:image:type\" content=\"image\/jpeg\" \/>\n<meta name=\"twitter:card\" content=\"summary_large_image\" \/>\n<meta name=\"twitter:label1\" content=\"Szacowany czas czytania\" \/>\n\t<meta name=\"twitter:data1\" content=\"2 minuty\" \/>\n<script type=\"application\/ld+json\" class=\"yoast-schema-graph\">{\"@context\":\"https:\/\/schema.org\",\"@graph\":[{\"@type\":\"WebPage\",\"@id\":\"https:\/\/www.van2go.travel\/service\/gaspruefung-und-umbau-von-gasanlagen\/\",\"url\":\"https:\/\/www.van2go.travel\/service\/gaspruefung-und-umbau-von-gasanlagen\/\",\"name\":\"Gaspr\u00fcfung und Umbau von Gasanlagen\",\"isPartOf\":{\"@id\":\"https:\/\/www.van2go.travel\/#website\"},\"primaryImageOfPage\":{\"@id\":\"https:\/\/www.van2go.travel\/service\/gaspruefung-und-umbau-von-gasanlagen\/#primaryimage\"},\"image\":{\"@id\":\"https:\/\/www.van2go.travel\/service\/gaspruefung-und-umbau-von-gasanlagen\/#primaryimage\"},\"thumbnailUrl\":\"https:\/\/www.van2go.travel\/wp-content\/uploads\/2022\/10\/pexels-magda-ehlers-3722212-scaled.jpg\",\"datePublished\":\"2022-10-27T11:24:40+00:00\",\"dateModified\":\"2022-10-28T08:48:34+00:00\",\"description\":\"Die regelm\u00e4\u00dfige Gaspr\u00fcfung ist wichtig, damit die Gasanlage deines Camping-Fahrzeugs stets sicher betrieben werden kann\",\"breadcrumb\":{\"@id\":\"https:\/\/www.van2go.travel\/service\/gaspruefung-und-umbau-von-gasanlagen\/#breadcrumb\"},\"inLanguage\":\"pl-PL\",\"potentialAction\":[{\"@type\":\"ReadAction\",\"target\":[\"https:\/\/www.van2go.travel\/service\/gaspruefung-und-umbau-von-gasanlagen\/\"]}]},{\"@type\":\"ImageObject\",\"inLanguage\":\"pl-PL\",\"@id\":\"https:\/\/www.van2go.travel\/service\/gaspruefung-und-umbau-von-gasanlagen\/#primaryimage\",\"url\":\"https:\/\/www.van2go.travel\/wp-content\/uploads\/2022\/10\/pexels-magda-ehlers-3722212-scaled.jpg\",\"contentUrl\":\"https:\/\/www.van2go.travel\/wp-content\/uploads\/2022\/10\/pexels-magda-ehlers-3722212-scaled.jpg\",\"width\":1920,\"height\":1280,\"caption\":\"Gaspr\u00fcfung\"},{\"@type\":\"BreadcrumbList\",\"@id\":\"https:\/\/www.van2go.travel\/service\/gaspruefung-und-umbau-von-gasanlagen\/#breadcrumb\",\"itemListElement\":[{\"@type\":\"ListItem\",\"position\":1,\"name\":\"Startseite\",\"item\":\"https:\/\/www.van2go.travel\/\"},{\"@type\":\"ListItem\",\"position\":2,\"name\":\"Service\",\"item\":\"https:\/\/www.van2go.travel\/service\/\"},{\"@type\":\"ListItem\",\"position\":3,\"name\":\"Gaspr\u00fcfung und Umbau von Gasanlagen\"}]},{\"@type\":\"WebSite\",\"@id\":\"https:\/\/www.van2go.travel\/#website\",\"url\":\"https:\/\/www.van2go.travel\/\",\"name\":\"Van2Go\",\"description\":\"Camper Vans und Wohnmobile mieten in Singen am Bodensee\",\"publisher\":{\"@id\":\"https:\/\/www.van2go.travel\/#organization\"},\"potentialAction\":[{\"@type\":\"SearchAction\",\"target\":{\"@type\":\"EntryPoint\",\"urlTemplate\":\"https:\/\/www.van2go.travel\/?s={search_term_string}\"},\"query-input\":{\"@type\":\"PropertyValueSpecification\",\"valueRequired\":true,\"valueName\":\"search_term_string\"}}],\"inLanguage\":\"pl-PL\"},{\"@type\":\"Organization\",\"@id\":\"https:\/\/www.van2go.travel\/#organization\",\"name\":\"Van2Go\",\"url\":\"https:\/\/www.van2go.travel\/\",\"logo\":{\"@type\":\"ImageObject\",\"inLanguage\":\"pl-PL\",\"@id\":\"https:\/\/www.van2go.travel\/#\/schema\/logo\/image\/\",\"url\":\"https:\/\/www.van2go.travel\/wp-content\/uploads\/2021\/12\/Van2Go-Original-Logo_Schrift-rechts-gross.png\",\"contentUrl\":\"https:\/\/www.van2go.travel\/wp-content\/uploads\/2021\/12\/Van2Go-Original-Logo_Schrift-rechts-gross.png\",\"width\":2825,\"height\":1008,\"caption\":\"Van2Go\"},\"image\":{\"@id\":\"https:\/\/www.van2go.travel\/#\/schema\/logo\/image\/\"},\"sameAs\":[\"https:\/\/www.facebook.com\/van2go.travel\"]}]}<\/script>\n<!-- \/ Yoast SEO plugin. -->","yoast_head_json":{"title":"Gaspr\u00fcfung und Umbau von Gasanlagen","description":"Die regelm\u00e4\u00dfige Gaspr\u00fcfung ist wichtig, damit die Gasanlage deines Camping-Fahrzeugs stets sicher betrieben werden kann","robots":{"index":"index","follow":"follow","max-snippet":"max-snippet:-1","max-image-preview":"max-image-preview:large","max-video-preview":"max-video-preview:-1"},"canonical":"https:\/\/www.van2go.travel\/pl\/service\/gaspruefung-und-umbau-von-gasanlagen\/","og_locale":"pl_PL","og_type":"article","og_title":"[:de]Gaspr\u00fcfung und Umbau von Gasanlagen[:] - Van2Go","og_description":"Die regelm\u00e4\u00dfige Gaspr\u00fcfung ist wichtig, damit die Gasanlage deines Camping-Fahrzeugs stets sicher betrieben werden kann","og_url":"https:\/\/www.van2go.travel\/pl\/service\/gaspruefung-und-umbau-von-gasanlagen\/","og_site_name":"Van2Go","article_publisher":"https:\/\/www.facebook.com\/van2go.travel","article_modified_time":"2022-10-28T08:48:34+00:00","og_image":[{"width":2560,"height":1707,"url":"https:\/\/www.van2go.travel\/wp-content\/uploads\/2022\/10\/pexels-magda-ehlers-3722212-scaled.jpg","type":"image\/jpeg"}],"twitter_card":"summary_large_image","twitter_misc":{"Szacowany czas czytania":"2 minuty"},"schema":{"@context":"https:\/\/schema.org","@graph":[{"@type":"WebPage","@id":"https:\/\/www.van2go.travel\/service\/gaspruefung-und-umbau-von-gasanlagen\/","url":"https:\/\/www.van2go.travel\/service\/gaspruefung-und-umbau-von-gasanlagen\/","name":"Gaspr\u00fcfung und Umbau von Gasanlagen","isPartOf":{"@id":"https:\/\/www.van2go.travel\/#website"},"primaryImageOfPage":{"@id":"https:\/\/www.van2go.travel\/service\/gaspruefung-und-umbau-von-gasanlagen\/#primaryimage"},"image":{"@id":"https:\/\/www.van2go.travel\/service\/gaspruefung-und-umbau-von-gasanlagen\/#primaryimage"},"thumbnailUrl":"https:\/\/www.van2go.travel\/wp-content\/uploads\/2022\/10\/pexels-magda-ehlers-3722212-scaled.jpg","datePublished":"2022-10-27T11:24:40+00:00","dateModified":"2022-10-28T08:48:34+00:00","description":"Die regelm\u00e4\u00dfige Gaspr\u00fcfung ist wichtig, damit die Gasanlage deines Camping-Fahrzeugs stets sicher betrieben werden kann","breadcrumb":{"@id":"https:\/\/www.van2go.travel\/service\/gaspruefung-und-umbau-von-gasanlagen\/#breadcrumb"},"inLanguage":"pl-PL","potentialAction":[{"@type":"ReadAction","target":["https:\/\/www.van2go.travel\/service\/gaspruefung-und-umbau-von-gasanlagen\/"]}]},{"@type":"ImageObject","inLanguage":"pl-PL","@id":"https:\/\/www.van2go.travel\/service\/gaspruefung-und-umbau-von-gasanlagen\/#primaryimage","url":"https:\/\/www.van2go.travel\/wp-content\/uploads\/2022\/10\/pexels-magda-ehlers-3722212-scaled.jpg","contentUrl":"https:\/\/www.van2go.travel\/wp-content\/uploads\/2022\/10\/pexels-magda-ehlers-3722212-scaled.jpg","width":1920,"height":1280,"caption":"Gaspr\u00fcfung"},{"@type":"BreadcrumbList","@id":"https:\/\/www.van2go.travel\/service\/gaspruefung-und-umbau-von-gasanlagen\/#breadcrumb","itemListElement":[{"@type":"ListItem","position":1,"name":"Startseite","item":"https:\/\/www.van2go.travel\/"},{"@type":"ListItem","position":2,"name":"Service","item":"https:\/\/www.van2go.travel\/service\/"},{"@type":"ListItem","position":3,"name":"Gaspr\u00fcfung und Umbau von Gasanlagen"}]},{"@type":"WebSite","@id":"https:\/\/www.van2go.travel\/#website","url":"https:\/\/www.van2go.travel\/","name":"Van2Go","description":"Camper Vans und Wohnmobile mieten in Singen am Bodensee","publisher":{"@id":"https:\/\/www.van2go.travel\/#organization"},"potentialAction":[{"@type":"SearchAction","target":{"@type":"EntryPoint","urlTemplate":"https:\/\/www.van2go.travel\/?s={search_term_string}"},"query-input":{"@type":"PropertyValueSpecification","valueRequired":true,"valueName":"search_term_string"}}],"inLanguage":"pl-PL"},{"@type":"Organization","@id":"https:\/\/www.van2go.travel\/#organization","name":"Van2Go","url":"https:\/\/www.van2go.travel\/","logo":{"@type":"ImageObject","inLanguage":"pl-PL","@id":"https:\/\/www.van2go.travel\/#\/schema\/logo\/image\/","url":"https:\/\/www.van2go.travel\/wp-content\/uploads\/2021\/12\/Van2Go-Original-Logo_Schrift-rechts-gross.png","contentUrl":"https:\/\/www.van2go.travel\/wp-content\/uploads\/2021\/12\/Van2Go-Original-Logo_Schrift-rechts-gross.png","width":2825,"height":1008,"caption":"Van2Go"},"image":{"@id":"https:\/\/www.van2go.travel\/#\/schema\/logo\/image\/"},"sameAs":["https:\/\/www.facebook.com\/van2go.travel"]}]}},"_links":{"self":[{"href":"https:\/\/www.van2go.travel\/pl\/wp-json\/wp\/v2\/pages\/2614","targetHints":{"allow":["GET"]}}],"collection":[{"href":"https:\/\/www.van2go.travel\/pl\/wp-json\/wp\/v2\/pages"}],"about":[{"href":"https:\/\/www.van2go.travel\/pl\/wp-json\/wp\/v2\/types\/page"}],"author":[{"embeddable":true,"href":"https:\/\/www.van2go.travel\/pl\/wp-json\/wp\/v2\/users\/1"}],"replies":[{"embeddable":true,"href":"https:\/\/www.van2go.travel\/pl\/wp-json\/wp\/v2\/comments?post=2614"}],"version-history":[{"count":10,"href":"https:\/\/www.van2go.travel\/pl\/wp-json\/wp\/v2\/pages\/2614\/revisions"}],"predecessor-version":[{"id":2663,"href":"https:\/\/www.van2go.travel\/pl\/wp-json\/wp\/v2\/pages\/2614\/revisions\/2663"}],"up":[{"embeddable":true,"href":"https:\/\/www.van2go.travel\/pl\/wp-json\/wp\/v2\/pages\/2594"}],"wp:featuredmedia":[{"embeddable":true,"href":"https:\/\/www.van2go.travel\/pl\/wp-json\/wp\/v2\/media\/2616"}],"wp:attachment":[{"href":"https:\/\/www.van2go.travel\/pl\/wp-json\/wp\/v2\/media?parent=2614"}],"curies":[{"name":"wp","href":"https:\/\/api.w.org\/{rel}","templated":true}]}}