{"id":2452,"date":"2022-07-08T00:15:40","date_gmt":"2022-07-07T22:15:40","guid":{"rendered":"https:\/\/www.van2go.travel\/?page_id=2452"},"modified":"2022-07-08T19:53:49","modified_gmt":"2022-07-08T17:53:49","slug":"camping-am-bodensee-demo","status":"publish","type":"page","link":"https:\/\/www.van2go.travel\/pl\/camping-am-bodensee-demo\/","title":{"rendered":"Camping am Bodensee Demo"},"content":{"rendered":"\t\t<div data-elementor-type=\"wp-page\" data-elementor-id=\"2452\" class=\"elementor elementor-2452\">\n\t\t\t\t\t\t\t\t\t<section class=\"elementor-section elementor-top-section elementor-element elementor-element-11a7d1c elementor-section-boxed elementor-section-height-default elementor-section-height-default wpr-particle-no wpr-jarallax-no wpr-parallax-no wpr-sticky-section-no\" data-id=\"11a7d1c\" data-element_type=\"section\">\n\t\t\t\t\t\t<div class=\"elementor-container elementor-column-gap-default\">\n\t\t\t\t\t<div class=\"elementor-column elementor-col-100 elementor-top-column elementor-element elementor-element-6765d96\" data-id=\"6765d96\" data-element_type=\"column\">\n\t\t\t<div class=\"elementor-widget-wrap elementor-element-populated\">\n\t\t\t\t\t\t\t\t<div class=\"elementor-element elementor-element-b6c25ae elementor-widget elementor-widget-heading\" data-id=\"b6c25ae\" data-element_type=\"widget\" data-widget_type=\"heading.default\">\n\t\t\t\t<div class=\"elementor-widget-container\">\n\t\t\t<h1 class=\"elementor-heading-title elementor-size-xl\"><b>Camping am Bodensee<\/b><\/h1>\t\t<\/div>\n\t\t\t\t<\/div>\n\t\t\t\t<div class=\"elementor-element elementor-element-aed7ddc elementor-widget elementor-widget-text-editor\" data-id=\"aed7ddc\" data-element_type=\"widget\" data-widget_type=\"text-editor.default\">\n\t\t\t\t<div class=\"elementor-widget-container\">\n\t\t\t\t\t\t\t<p>Nachfolgend findet ihr eine \u00dcbersicht von fantastischen Campingpl\u00e4tzen und Stellpl\u00e4tzen rund um den Bodensee.<\/p><p>Die Buchung eines Platzes kann in der Regel sehr einfach online \u00fcber die Website des Campingplatz-Betreibers erfolgen.<\/p>\t\t\t\t\t\t<\/div>\n\t\t\t\t<\/div>\n\t\t\t\t\t<\/div>\n\t\t<\/div>\n\t\t\t\t\t\t\t<\/div>\n\t\t<\/section>\n\t\t\t\t<section class=\"elementor-section elementor-top-section elementor-element elementor-element-5b01f2e elementor-section-boxed elementor-section-height-default elementor-section-height-default wpr-particle-no wpr-jarallax-no wpr-parallax-no wpr-sticky-section-no\" data-id=\"5b01f2e\" data-element_type=\"section\">\n\t\t\t\t\t\t<div class=\"elementor-container elementor-column-gap-default\">\n\t\t\t\t\t<div class=\"elementor-column elementor-col-100 elementor-top-column elementor-element elementor-element-0da9e00\" data-id=\"0da9e00\" data-element_type=\"column\">\n\t\t\t<div class=\"elementor-widget-wrap elementor-element-populated\">\n\t\t\t\t\t\t\t\t<div class=\"elementor-element elementor-element-9e10c20 elementor-widget elementor-widget-heading\" data-id=\"9e10c20\" data-element_type=\"widget\" data-widget_type=\"heading.default\">\n\t\t\t\t<div class=\"elementor-widget-container\">\n\t\t\t<h2 class=\"elementor-heading-title elementor-size-large\"><b>Campingplatz Musterstadt<\/b><\/h2>\t\t<\/div>\n\t\t\t\t<\/div>\n\t\t\t\t<section class=\"elementor-section elementor-inner-section elementor-element elementor-element-eec17b7 elementor-section-boxed elementor-section-height-default elementor-section-height-default wpr-particle-no wpr-jarallax-no wpr-parallax-no wpr-sticky-section-no\" data-id=\"eec17b7\" data-element_type=\"section\">\n\t\t\t\t\t\t<div class=\"elementor-container elementor-column-gap-default\">\n\t\t\t\t\t<div class=\"elementor-column elementor-col-33 elementor-inner-column elementor-element elementor-element-a176a88\" data-id=\"a176a88\" data-element_type=\"column\">\n\t\t\t<div class=\"elementor-widget-wrap elementor-element-populated\">\n\t\t\t\t\t\t\t\t<div class=\"elementor-element elementor-element-eb579ef elementor-widget elementor-widget-image\" data-id=\"eb579ef\" data-element_type=\"widget\" data-widget_type=\"image.default\">\n\t\t\t\t<div class=\"elementor-widget-container\">\n\t\t\t\t\t\t\t\t\t\t\t\t\t\t\t<img decoding=\"async\" width=\"1220\" height=\"813\" src=\"https:\/\/www.van2go.travel\/wp-content\/uploads\/2022\/07\/pexels-mac-destroir-2662816-1500x1000.jpg\" class=\"attachment-large size-large\" alt=\"Zwei Zelte auf einem Campingplatz mit Campingst\u00fchlen im Vordergrund\" srcset=\"https:\/\/www.van2go.travel\/wp-content\/uploads\/2022\/07\/pexels-mac-destroir-2662816-1500x1000.jpg 1500w, https:\/\/www.van2go.travel\/wp-content\/uploads\/2022\/07\/pexels-mac-destroir-2662816-360x240.jpg 360w, https:\/\/www.van2go.travel\/wp-content\/uploads\/2022\/07\/pexels-mac-destroir-2662816-750x500.jpg 750w, https:\/\/www.van2go.travel\/wp-content\/uploads\/2022\/07\/pexels-mac-destroir-2662816-1536x1024.jpg 1536w, https:\/\/www.van2go.travel\/wp-content\/uploads\/2022\/07\/pexels-mac-destroir-2662816-2048x1365.jpg 2048w, https:\/\/www.van2go.travel\/wp-content\/uploads\/2022\/07\/pexels-mac-destroir-2662816-120x80.jpg 120w, https:\/\/www.van2go.travel\/wp-content\/uploads\/2022\/07\/pexels-mac-destroir-2662816-scaled.jpg 1920w\" sizes=\"(max-width: 1220px) 100vw, 1220px\" \/>\t\t\t\t\t\t\t\t\t\t\t\t\t\t\t<\/div>\n\t\t\t\t<\/div>\n\t\t\t\t\t<\/div>\n\t\t<\/div>\n\t\t\t\t<div class=\"elementor-column elementor-col-66 elementor-inner-column elementor-element elementor-element-76b6607\" data-id=\"76b6607\" data-element_type=\"column\">\n\t\t\t<div class=\"elementor-widget-wrap elementor-element-populated\">\n\t\t\t\t\t\t\t\t<div class=\"elementor-element elementor-element-8581818 elementor-widget elementor-widget-text-editor\" data-id=\"8581818\" data-element_type=\"widget\" data-widget_type=\"text-editor.default\">\n\t\t\t\t<div class=\"elementor-widget-container\">\n\t\t\t\t\t\t\t<p>Hier steht eine kurze Beschreibung des Campingplatzes.<\/p>\n<p>Links ist ein Beispiel der Darstellung mit einem Bild.<\/p>\n<ul>\n<li>Adresse: Musterstra\u00dfe 123, 12345 Musterstadt<\/li>\n<li>Telefonnummer: +49 1234 567890<\/li>\n<li>E-Mail: mail@camping-musterstadt.de<\/li>\n<li>Website: www.camping-musterstadt.de<\/li>\n<\/ul>\t\t\t\t\t\t<\/div>\n\t\t\t\t<\/div>\n\t\t\t\t\t<\/div>\n\t\t<\/div>\n\t\t\t\t\t\t\t<\/div>\n\t\t<\/section>\n\t\t\t\t\t<\/div>\n\t\t<\/div>\n\t\t\t\t\t\t\t<\/div>\n\t\t<\/section>\n\t\t\t\t<section class=\"elementor-section elementor-top-section elementor-element elementor-element-709c604 elementor-section-boxed elementor-section-height-default elementor-section-height-default wpr-particle-no wpr-jarallax-no wpr-parallax-no wpr-sticky-section-no\" data-id=\"709c604\" data-element_type=\"section\">\n\t\t\t\t\t\t<div class=\"elementor-container elementor-column-gap-default\">\n\t\t\t\t\t<div class=\"elementor-column elementor-col-100 elementor-top-column elementor-element elementor-element-c8823d4\" data-id=\"c8823d4\" data-element_type=\"column\">\n\t\t\t<div class=\"elementor-widget-wrap elementor-element-populated\">\n\t\t\t\t\t\t\t\t<div class=\"elementor-element elementor-element-2c03332 elementor-widget elementor-widget-heading\" data-id=\"2c03332\" data-element_type=\"widget\" data-widget_type=\"heading.default\">\n\t\t\t\t<div class=\"elementor-widget-container\">\n\t\t\t<h2 class=\"elementor-heading-title elementor-size-large\"><b>Campingplatz Musterhausen<\/b><\/h2>\t\t<\/div>\n\t\t\t\t<\/div>\n\t\t\t\t<section class=\"elementor-section elementor-inner-section elementor-element elementor-element-0da1fdd elementor-section-boxed elementor-section-height-default elementor-section-height-default wpr-particle-no wpr-jarallax-no wpr-parallax-no wpr-sticky-section-no\" data-id=\"0da1fdd\" data-element_type=\"section\">\n\t\t\t\t\t\t<div class=\"elementor-container elementor-column-gap-default\">\n\t\t\t\t\t<div class=\"elementor-column elementor-col-33 elementor-inner-column elementor-element elementor-element-1083986\" data-id=\"1083986\" data-element_type=\"column\">\n\t\t\t<div class=\"elementor-widget-wrap elementor-element-populated\">\n\t\t\t\t\t\t\t\t<div class=\"elementor-element elementor-element-23fe16a elementor-widget elementor-widget-image-gallery\" data-id=\"23fe16a\" data-element_type=\"widget\" data-widget_type=\"image-gallery.default\">\n\t\t\t\t<div class=\"elementor-widget-container\">\n\t\t\t\t\t<div class=\"elementor-image-gallery\">\n\t\t\t<div id='gallery-1' class='gallery galleryid-2452 gallery-columns-4 gallery-size-thumbnail'><figure class='gallery-item'>\r\n\t\t\t<div class='gallery-icon landscape'>\r\n\t\t\t\t<a data-elementor-open-lightbox=\"yes\" data-elementor-lightbox-slideshow=\"23fe16a\" data-elementor-lightbox-title=\"Zwei Zelte auf einem Campingplatz mit Campingst\u00fchlen im Vordergrund\" data-elementor-lightbox-description=\"Zwei Zelte auf einem Campingplatz mit Campingst\u00fchlen im Vordergrund\" e-action-hash=\"#elementor-action%3Aaction%3Dlightbox%26settings%3DeyJpZCI6MjQ0MiwidXJsIjoiaHR0cHM6XC9cL3d3dy52YW4yZ28udHJhdmVsXC93cC1jb250ZW50XC91cGxvYWRzXC8yMDIyXC8wN1wvcGV4ZWxzLW1hYy1kZXN0cm9pci0yNjYyODE2LXNjYWxlZC5qcGciLCJzbGlkZXNob3ciOiIyM2ZlMTZhIn0%3D\" href='https:\/\/www.van2go.travel\/wp-content\/uploads\/2022\/07\/pexels-mac-destroir-2662816-scaled.jpg'><img decoding=\"async\" width=\"80\" height=\"80\" src=\"https:\/\/www.van2go.travel\/wp-content\/uploads\/2022\/07\/pexels-mac-destroir-2662816-80x80.jpg\" class=\"attachment-thumbnail size-thumbnail\" alt=\"Zwei Zelte auf einem Campingplatz mit Campingst\u00fchlen im Vordergrund\" aria-describedby=\"gallery-1-2442\" srcset=\"https:\/\/www.van2go.travel\/wp-content\/uploads\/2022\/07\/pexels-mac-destroir-2662816-80x80.jpg 80w, https:\/\/www.van2go.travel\/wp-content\/uploads\/2022\/07\/pexels-mac-destroir-2662816-160x160.jpg 160w, https:\/\/www.van2go.travel\/wp-content\/uploads\/2022\/07\/pexels-mac-destroir-2662816-360x360.jpg 360w\" sizes=\"(max-width: 80px) 100vw, 80px\" \/><\/a>\r\n\t\t\t<\/div>\r\n\t\t\t\t<figcaption class='wp-caption-text gallery-caption' id='gallery-1-2442'>\r\n\t\t\t\tZwei Zelte auf einem Campingplatz mit Campingst\u00fchlen im Vordergrund\r\n\t\t\t\t<\/figcaption><\/figure><figure class='gallery-item'>\r\n\t\t\t<div class='gallery-icon landscape'>\r\n\t\t\t\t<a data-elementor-open-lightbox=\"yes\" data-elementor-lightbox-slideshow=\"23fe16a\" data-elementor-lightbox-title=\"Mobiles Internet Camping\" data-elementor-lightbox-description=\"Zwei Zelte auf einem Campingplatz mit Campingst\u00fchlen im Vordergrund\" e-action-hash=\"#elementor-action%3Aaction%3Dlightbox%26settings%3DeyJpZCI6MTc1NywidXJsIjoiaHR0cHM6XC9cL3d3dy52YW4yZ28udHJhdmVsXC93cC1jb250ZW50XC91cGxvYWRzXC8yMDIxXC8xMlwvcGV4ZWxzLWFuZHJlYS1waWFjcXVhZGlvLTM3NzY4MjEtc2NhbGVkLmpwZyIsInNsaWRlc2hvdyI6IjIzZmUxNmEifQ%3D%3D\" href='https:\/\/www.van2go.travel\/wp-content\/uploads\/2021\/12\/pexels-andrea-piacquadio-3776821-scaled.jpg'><img decoding=\"async\" width=\"80\" height=\"80\" src=\"https:\/\/www.van2go.travel\/wp-content\/uploads\/2021\/12\/pexels-andrea-piacquadio-3776821-80x80.jpg\" class=\"attachment-thumbnail size-thumbnail\" alt=\"Mobiles Internet Camping\" aria-describedby=\"gallery-1-1757\" srcset=\"https:\/\/www.van2go.travel\/wp-content\/uploads\/2021\/12\/pexels-andrea-piacquadio-3776821-80x80.jpg 80w, https:\/\/www.van2go.travel\/wp-content\/uploads\/2021\/12\/pexels-andrea-piacquadio-3776821-160x160.jpg 160w, https:\/\/www.van2go.travel\/wp-content\/uploads\/2021\/12\/pexels-andrea-piacquadio-3776821-360x360.jpg 360w\" sizes=\"(max-width: 80px) 100vw, 80px\" \/><\/a>\r\n\t\t\t<\/div>\r\n\t\t\t\t<figcaption class='wp-caption-text gallery-caption' id='gallery-1-1757'>\r\n\t\t\t\tMobiles Internet Camping\r\n\t\t\t\t<\/figcaption><\/figure><figure class='gallery-item'>\r\n\t\t\t<div class='gallery-icon landscape'>\r\n\t\t\t\t<a data-elementor-open-lightbox=\"yes\" data-elementor-lightbox-slideshow=\"23fe16a\" data-elementor-lightbox-title=\"pexels-kampus-production-7476951\" data-elementor-lightbox-description=\"Zwei Zelte auf einem Campingplatz mit Campingst\u00fchlen im Vordergrund\" e-action-hash=\"#elementor-action%3Aaction%3Dlightbox%26settings%3DeyJpZCI6MTQ3NSwidXJsIjoiaHR0cHM6XC9cL3d3dy52YW4yZ28udHJhdmVsXC93cC1jb250ZW50XC91cGxvYWRzXC8yMDIxXC8wNFwvcGV4ZWxzLWthbXB1cy1wcm9kdWN0aW9uLTc0NzY5NTEtc2NhbGVkLmpwZyIsInNsaWRlc2hvdyI6IjIzZmUxNmEifQ%3D%3D\" href='https:\/\/www.van2go.travel\/wp-content\/uploads\/2021\/04\/pexels-kampus-production-7476951-scaled.jpg'><img decoding=\"async\" width=\"80\" height=\"80\" src=\"https:\/\/www.van2go.travel\/wp-content\/uploads\/2021\/04\/pexels-kampus-production-7476951-80x80.jpg\" class=\"attachment-thumbnail size-thumbnail\" alt=\"\" srcset=\"https:\/\/www.van2go.travel\/wp-content\/uploads\/2021\/04\/pexels-kampus-production-7476951-80x80.jpg 80w, https:\/\/www.van2go.travel\/wp-content\/uploads\/2021\/04\/pexels-kampus-production-7476951-160x160.jpg 160w, https:\/\/www.van2go.travel\/wp-content\/uploads\/2021\/04\/pexels-kampus-production-7476951-360x360.jpg 360w\" sizes=\"(max-width: 80px) 100vw, 80px\" \/><\/a>\r\n\t\t\t<\/div><\/figure><figure class='gallery-item'>\r\n\t\t\t<div class='gallery-icon portrait'>\r\n\t\t\t\t<a data-elementor-open-lightbox=\"yes\" data-elementor-lightbox-slideshow=\"23fe16a\" data-elementor-lightbox-title=\"pexels-kampus-production-7476205\" data-elementor-lightbox-description=\"Zwei Zelte auf einem Campingplatz mit Campingst\u00fchlen im Vordergrund\" e-action-hash=\"#elementor-action%3Aaction%3Dlightbox%26settings%3DeyJpZCI6MTQ3MywidXJsIjoiaHR0cHM6XC9cL3d3dy52YW4yZ28udHJhdmVsXC93cC1jb250ZW50XC91cGxvYWRzXC8yMDIxXC8wNFwvcGV4ZWxzLWthbXB1cy1wcm9kdWN0aW9uLTc0NzYyMDUtc2NhbGVkLmpwZyIsInNsaWRlc2hvdyI6IjIzZmUxNmEifQ%3D%3D\" href='https:\/\/www.van2go.travel\/wp-content\/uploads\/2021\/04\/pexels-kampus-production-7476205-scaled.jpg'><img decoding=\"async\" width=\"80\" height=\"80\" src=\"https:\/\/www.van2go.travel\/wp-content\/uploads\/2021\/04\/pexels-kampus-production-7476205-80x80.jpg\" class=\"attachment-thumbnail size-thumbnail\" alt=\"\" srcset=\"https:\/\/www.van2go.travel\/wp-content\/uploads\/2021\/04\/pexels-kampus-production-7476205-80x80.jpg 80w, https:\/\/www.van2go.travel\/wp-content\/uploads\/2021\/04\/pexels-kampus-production-7476205-160x160.jpg 160w, https:\/\/www.van2go.travel\/wp-content\/uploads\/2021\/04\/pexels-kampus-production-7476205-360x360.jpg 360w\" sizes=\"(max-width: 80px) 100vw, 80px\" \/><\/a>\r\n\t\t\t<\/div><\/figure><\/div>\n\t\t<\/div>\n\t\t\t\t<\/div>\n\t\t\t\t<\/div>\n\t\t\t\t\t<\/div>\n\t\t<\/div>\n\t\t\t\t<div class=\"elementor-column elementor-col-66 elementor-inner-column elementor-element elementor-element-fa7a1f3\" data-id=\"fa7a1f3\" data-element_type=\"column\">\n\t\t\t<div class=\"elementor-widget-wrap elementor-element-populated\">\n\t\t\t\t\t\t\t\t<div class=\"elementor-element elementor-element-6d65e1c elementor-widget elementor-widget-text-editor\" data-id=\"6d65e1c\" data-element_type=\"widget\" data-widget_type=\"text-editor.default\">\n\t\t\t\t<div class=\"elementor-widget-container\">\n\t\t\t\t\t\t\t<p>Hier steht eine kurze Beschreibung des Campingplatzes.<\/p><p>Links ist ein Beispiel der Darstellung mit einer Galerie aus mehreren Bildern.<\/p><ul><li>Adresse: Musterstra\u00dfe 123, 12345 Musterhausen<\/li><li>Telefonnummer: +49 1234 567890<\/li><li>E-Mail: mail@camping-musterhausen.de<\/li><li>Website: www.camping-musterhausen.de<\/li><\/ul>\t\t\t\t\t\t<\/div>\n\t\t\t\t<\/div>\n\t\t\t\t\t<\/div>\n\t\t<\/div>\n\t\t\t\t\t\t\t<\/div>\n\t\t<\/section>\n\t\t\t\t\t<\/div>\n\t\t<\/div>\n\t\t\t\t\t\t\t<\/div>\n\t\t<\/section>\n\t\t\t\t\t\t\t<\/div>\n\t\t","protected":false},"excerpt":{"rendered":"<p>Zwei Zelte auf einem Campingplatz mit Campingst\u00fchlen im VordergrundZwei Zelte auf einem Campingplatz mit Campingst\u00fchlen&hellip;<\/p>\n","protected":false},"author":1,"featured_media":0,"parent":0,"menu_order":0,"comment_status":"closed","ping_status":"closed","template":"elementor_header_footer","meta":{"footnotes":""},"class_list":["post-2452","page","type-page","status-publish","hentry"],"yoast_head":"<!-- This site is optimized with the Yoast SEO plugin v26.6 - https:\/\/yoast.com\/wordpress\/plugins\/seo\/ -->\n<title>Camping am Bodensee Demo<\/title>\n<meta name=\"description\" content=\"Hier findest du eine \u00dcbersicht von fantastischen Campingpl\u00e4tzen und Stellpl\u00e4tzen rund um den Bodensee f\u00fcr dein n\u00e4chstes Camping-Abenteuer.\" \/>\n<meta name=\"robots\" content=\"index, follow, max-snippet:-1, max-image-preview:large, max-video-preview:-1\" \/>\n<link rel=\"canonical\" href=\"https:\/\/www.van2go.travel\/pl\/camping-am-bodensee-demo\/\" \/>\n<meta property=\"og:locale\" content=\"pl_PL\" \/>\n<meta property=\"og:locale:alternate\" content=\"de_DE\" \/>\n<meta property=\"og:type\" content=\"article\" \/>\n<meta property=\"og:title\" content=\"Camping am Bodensee Demo\" \/>\n<meta property=\"og:description\" content=\"Hier findest du eine \u00dcbersicht von fantastischen Campingpl\u00e4tzen und Stellpl\u00e4tzen rund um den Bodensee f\u00fcr dein n\u00e4chstes Camping-Abenteuer.\" \/>\n<meta property=\"og:url\" content=\"https:\/\/www.van2go.travel\/pl\/camping-am-bodensee-demo\/\" \/>\n<meta property=\"og:site_name\" content=\"Van2Go - Das Microcamping Center in Singen am Bodensee\" \/>\n<meta property=\"article:publisher\" content=\"https:\/\/www.facebook.com\/van2go.travel\" \/>\n<meta property=\"article:modified_time\" content=\"2022-07-08T17:53:49+00:00\" \/>\n<meta property=\"og:image\" content=\"https:\/\/www.van2go.travel\/wp-content\/uploads\/2022\/07\/pexels-mac-destroir-2662816-1500x1000.jpg\" \/>\n<meta name=\"twitter:card\" content=\"summary_large_image\" \/>\n<meta name=\"twitter:label1\" content=\"Szacowany czas czytania\" \/>\n\t<meta name=\"twitter:data1\" content=\"2 minuty\" \/>\n<script type=\"application\/ld+json\" class=\"yoast-schema-graph\">{\"@context\":\"https:\/\/schema.org\",\"@graph\":[{\"@type\":\"WebPage\",\"@id\":\"https:\/\/www.van2go.travel\/camping-am-bodensee-demo\/\",\"url\":\"https:\/\/www.van2go.travel\/camping-am-bodensee-demo\/\",\"name\":\"Camping am Bodensee Demo\",\"isPartOf\":{\"@id\":\"https:\/\/www.van2go.travel\/#website\"},\"primaryImageOfPage\":{\"@id\":\"https:\/\/www.van2go.travel\/camping-am-bodensee-demo\/#primaryimage\"},\"image\":{\"@id\":\"https:\/\/www.van2go.travel\/camping-am-bodensee-demo\/#primaryimage\"},\"thumbnailUrl\":\"https:\/\/www.van2go.travel\/wp-content\/uploads\/2022\/07\/pexels-mac-destroir-2662816-1500x1000.jpg\",\"datePublished\":\"2022-07-07T22:15:40+00:00\",\"dateModified\":\"2022-07-08T17:53:49+00:00\",\"description\":\"Hier findest du eine \u00dcbersicht von fantastischen Campingpl\u00e4tzen und Stellpl\u00e4tzen rund um den Bodensee f\u00fcr dein n\u00e4chstes Camping-Abenteuer.\",\"breadcrumb\":{\"@id\":\"https:\/\/www.van2go.travel\/camping-am-bodensee-demo\/#breadcrumb\"},\"inLanguage\":\"pl-PL\",\"potentialAction\":[{\"@type\":\"ReadAction\",\"target\":[\"https:\/\/www.van2go.travel\/camping-am-bodensee-demo\/\"]}]},{\"@type\":\"ImageObject\",\"inLanguage\":\"pl-PL\",\"@id\":\"https:\/\/www.van2go.travel\/camping-am-bodensee-demo\/#primaryimage\",\"url\":\"https:\/\/www.van2go.travel\/wp-content\/uploads\/2022\/07\/pexels-mac-destroir-2662816-1500x1000.jpg\",\"contentUrl\":\"https:\/\/www.van2go.travel\/wp-content\/uploads\/2022\/07\/pexels-mac-destroir-2662816-1500x1000.jpg\"},{\"@type\":\"BreadcrumbList\",\"@id\":\"https:\/\/www.van2go.travel\/camping-am-bodensee-demo\/#breadcrumb\",\"itemListElement\":[{\"@type\":\"ListItem\",\"position\":1,\"name\":\"Startseite\",\"item\":\"https:\/\/www.van2go.travel\/\"},{\"@type\":\"ListItem\",\"position\":2,\"name\":\"Camping am Bodensee Demo\"}]},{\"@type\":\"WebSite\",\"@id\":\"https:\/\/www.van2go.travel\/#website\",\"url\":\"https:\/\/www.van2go.travel\/\",\"name\":\"Van2Go - Das Microcamping Center in Singen am Bodensee\",\"description\":\"Autorisierter H\u00e4ndler des Travelers von squiq, der Nestbox von Ego\u00e9, qeedo Dachzelten, E-Bikes von VanMoof und der Aufbaubatterie Saftkiste. Wir haben die L\u00f6sung, um dein Auto in einen Camper zu verwandeln.\",\"publisher\":{\"@id\":\"https:\/\/www.van2go.travel\/#organization\"},\"potentialAction\":[{\"@type\":\"SearchAction\",\"target\":{\"@type\":\"EntryPoint\",\"urlTemplate\":\"https:\/\/www.van2go.travel\/?s={search_term_string}\"},\"query-input\":{\"@type\":\"PropertyValueSpecification\",\"valueRequired\":true,\"valueName\":\"search_term_string\"}}],\"inLanguage\":\"pl-PL\"},{\"@type\":\"Organization\",\"@id\":\"https:\/\/www.van2go.travel\/#organization\",\"name\":\"Van2Go\",\"url\":\"https:\/\/www.van2go.travel\/\",\"logo\":{\"@type\":\"ImageObject\",\"inLanguage\":\"pl-PL\",\"@id\":\"https:\/\/www.van2go.travel\/#\/schema\/logo\/image\/\",\"url\":\"https:\/\/www.van2go.travel\/wp-content\/uploads\/2021\/12\/Van2Go-Original-Logo_Schrift-rechts-gross.png\",\"contentUrl\":\"https:\/\/www.van2go.travel\/wp-content\/uploads\/2021\/12\/Van2Go-Original-Logo_Schrift-rechts-gross.png\",\"width\":2825,\"height\":1008,\"caption\":\"Van2Go\"},\"image\":{\"@id\":\"https:\/\/www.van2go.travel\/#\/schema\/logo\/image\/\"},\"sameAs\":[\"https:\/\/www.facebook.com\/van2go.travel\"]}]}<\/script>\n<!-- \/ Yoast SEO plugin. -->","yoast_head_json":{"title":"Camping am Bodensee Demo","description":"Hier findest du eine \u00dcbersicht von fantastischen Campingpl\u00e4tzen und Stellpl\u00e4tzen rund um den Bodensee f\u00fcr dein n\u00e4chstes Camping-Abenteuer.","robots":{"index":"index","follow":"follow","max-snippet":"max-snippet:-1","max-image-preview":"max-image-preview:large","max-video-preview":"max-video-preview:-1"},"canonical":"https:\/\/www.van2go.travel\/pl\/camping-am-bodensee-demo\/","og_locale":"pl_PL","og_type":"article","og_title":"[:de]Camping am Bodensee Demo[:] - Van2Go - Das Microcamping Center in Singen am Bodensee - Campingpl\u00e4tze und Stellpl\u00e4tze","og_description":"Hier findest du eine \u00dcbersicht von fantastischen Campingpl\u00e4tzen und Stellpl\u00e4tzen rund um den Bodensee f\u00fcr dein n\u00e4chstes Camping-Abenteuer.","og_url":"https:\/\/www.van2go.travel\/pl\/camping-am-bodensee-demo\/","og_site_name":"Van2Go - Das Microcamping Center in Singen am Bodensee","article_publisher":"https:\/\/www.facebook.com\/van2go.travel","article_modified_time":"2022-07-08T17:53:49+00:00","og_image":[{"url":"https:\/\/www.van2go.travel\/wp-content\/uploads\/2022\/07\/pexels-mac-destroir-2662816-1500x1000.jpg","type":"","width":"","height":""}],"twitter_card":"summary_large_image","twitter_misc":{"Szacowany czas czytania":"2 minuty"},"schema":{"@context":"https:\/\/schema.org","@graph":[{"@type":"WebPage","@id":"https:\/\/www.van2go.travel\/camping-am-bodensee-demo\/","url":"https:\/\/www.van2go.travel\/camping-am-bodensee-demo\/","name":"Camping am Bodensee Demo","isPartOf":{"@id":"https:\/\/www.van2go.travel\/#website"},"primaryImageOfPage":{"@id":"https:\/\/www.van2go.travel\/camping-am-bodensee-demo\/#primaryimage"},"image":{"@id":"https:\/\/www.van2go.travel\/camping-am-bodensee-demo\/#primaryimage"},"thumbnailUrl":"https:\/\/www.van2go.travel\/wp-content\/uploads\/2022\/07\/pexels-mac-destroir-2662816-1500x1000.jpg","datePublished":"2022-07-07T22:15:40+00:00","dateModified":"2022-07-08T17:53:49+00:00","description":"Hier findest du eine \u00dcbersicht von fantastischen Campingpl\u00e4tzen und Stellpl\u00e4tzen rund um den Bodensee f\u00fcr dein n\u00e4chstes Camping-Abenteuer.","breadcrumb":{"@id":"https:\/\/www.van2go.travel\/camping-am-bodensee-demo\/#breadcrumb"},"inLanguage":"pl-PL","potentialAction":[{"@type":"ReadAction","target":["https:\/\/www.van2go.travel\/camping-am-bodensee-demo\/"]}]},{"@type":"ImageObject","inLanguage":"pl-PL","@id":"https:\/\/www.van2go.travel\/camping-am-bodensee-demo\/#primaryimage","url":"https:\/\/www.van2go.travel\/wp-content\/uploads\/2022\/07\/pexels-mac-destroir-2662816-1500x1000.jpg","contentUrl":"https:\/\/www.van2go.travel\/wp-content\/uploads\/2022\/07\/pexels-mac-destroir-2662816-1500x1000.jpg"},{"@type":"BreadcrumbList","@id":"https:\/\/www.van2go.travel\/camping-am-bodensee-demo\/#breadcrumb","itemListElement":[{"@type":"ListItem","position":1,"name":"Startseite","item":"https:\/\/www.van2go.travel\/"},{"@type":"ListItem","position":2,"name":"Camping am Bodensee Demo"}]},{"@type":"WebSite","@id":"https:\/\/www.van2go.travel\/#website","url":"https:\/\/www.van2go.travel\/","name":"Van2Go - Das Microcamping Center in Singen am Bodensee","description":"Autorisierter H\u00e4ndler des Travelers von squiq, der Nestbox von Ego\u00e9, qeedo Dachzelten, E-Bikes von VanMoof und der Aufbaubatterie Saftkiste. Wir haben die L\u00f6sung, um dein Auto in einen Camper zu verwandeln.","publisher":{"@id":"https:\/\/www.van2go.travel\/#organization"},"potentialAction":[{"@type":"SearchAction","target":{"@type":"EntryPoint","urlTemplate":"https:\/\/www.van2go.travel\/?s={search_term_string}"},"query-input":{"@type":"PropertyValueSpecification","valueRequired":true,"valueName":"search_term_string"}}],"inLanguage":"pl-PL"},{"@type":"Organization","@id":"https:\/\/www.van2go.travel\/#organization","name":"Van2Go","url":"https:\/\/www.van2go.travel\/","logo":{"@type":"ImageObject","inLanguage":"pl-PL","@id":"https:\/\/www.van2go.travel\/#\/schema\/logo\/image\/","url":"https:\/\/www.van2go.travel\/wp-content\/uploads\/2021\/12\/Van2Go-Original-Logo_Schrift-rechts-gross.png","contentUrl":"https:\/\/www.van2go.travel\/wp-content\/uploads\/2021\/12\/Van2Go-Original-Logo_Schrift-rechts-gross.png","width":2825,"height":1008,"caption":"Van2Go"},"image":{"@id":"https:\/\/www.van2go.travel\/#\/schema\/logo\/image\/"},"sameAs":["https:\/\/www.facebook.com\/van2go.travel"]}]}},"_links":{"self":[{"href":"https:\/\/www.van2go.travel\/pl\/wp-json\/wp\/v2\/pages\/2452","targetHints":{"allow":["GET"]}}],"collection":[{"href":"https:\/\/www.van2go.travel\/pl\/wp-json\/wp\/v2\/pages"}],"about":[{"href":"https:\/\/www.van2go.travel\/pl\/wp-json\/wp\/v2\/types\/page"}],"author":[{"embeddable":true,"href":"https:\/\/www.van2go.travel\/pl\/wp-json\/wp\/v2\/users\/1"}],"replies":[{"embeddable":true,"href":"https:\/\/www.van2go.travel\/pl\/wp-json\/wp\/v2\/comments?post=2452"}],"version-history":[{"count":5,"href":"https:\/\/www.van2go.travel\/pl\/wp-json\/wp\/v2\/pages\/2452\/revisions"}],"predecessor-version":[{"id":2458,"href":"https:\/\/www.van2go.travel\/pl\/wp-json\/wp\/v2\/pages\/2452\/revisions\/2458"}],"wp:attachment":[{"href":"https:\/\/www.van2go.travel\/pl\/wp-json\/wp\/v2\/media?parent=2452"}],"curies":[{"name":"wp","href":"https:\/\/api.w.org\/{rel}","templated":true}]}}